{"id":275,"date":"2024-07-25T10:39:14","date_gmt":"2024-07-25T10:39:14","guid":{"rendered":"https:\/\/test.ladigital.art\/?post_type=product&#038;p=275"},"modified":"2024-10-11T10:42:19","modified_gmt":"2024-10-11T10:42:19","slug":"test-nutrigenetique","status":"publish","type":"product","link":"https:\/\/testdepaternite.fr\/es\/producto\/test-nutrigenetique\/","title":{"rendered":"Test nutrig\u00e9n\u00e9tique &#8211; nutrifit"},"content":{"rendered":"<p><strong>NutriFit<\/strong> est un test g\u00e9n\u00e9tique qui vous propose un plan enti\u00e8rement personnalis\u00e9 en termes de nutrition, de sport et de bien-\u00eatre, adapt\u00e9 \u00e0 vos besoins et pr\u00e9dispositions g\u00e9n\u00e9tiques.<\/p>\n<p>Le rapport est bas\u00e9 sur des recherches scientifiques dans le domaine de la nutrig\u00e9n\u00e9tique et est con\u00e7u comme un guide personnel, bas\u00e9 sur vos g\u00e8nes, pour vous aider \u00e0 mener une vie plus saine et plus active. Avec NutriFit, vous pouvez <strong>obtenir de grands r\u00e9sultats avec de petits changements<\/strong>\u00a0!<\/p>\n<p>Cliquez ici pour t\u00e9l\u00e9charger un exemple du rapport *<\/p>\n<p>Lorsque vous achetez NutriFit, vous recevez un kit de test ADN comprenant des instructions et un pr\u00e9l\u00e8vement buccal pour pr\u00e9lever un \u00e9chantillon de salive, le tout dans le confort de votre maison, sans aucune analyse de sang requise.<\/p>\n<p><strong>Les r\u00e9sultats sont pr\u00e9cis<\/strong>. Vous recevrez votre rapport de r\u00e9sultats dans un d\u00e9lai de <strong>4 semaines<\/strong> \u00e0 r\u00e9ception des \u00e9chantillons.<\/p>\n","protected":false},"excerpt":{"rendered":"<p>Le\u00a0<strong>test de paternit\u00e9<\/strong>\u00a0vous permet d\u2019\u00e9tablir g\u00e9n\u00e9tiquement un lien de filiation entre un enfant et son p\u00e8re pr\u00e9sum\u00e9 apr\u00e8s la naissance \u00e0 partir d\u2019\u00e9chantillons buccaux ou non-buccaux. Vous b\u00e9n\u00e9ficiez du service instant notification qui vous permettra de suivre en temps r\u00e9el le suivi de votre analyse par SMS et email.<\/p>\n","protected":false},"featured_media":347,"comment_status":"closed","ping_status":"closed","template":"","meta":[],"product_brand":[],"product_cat":[18],"product_tag":[],"class_list":{"0":"post-275","1":"product","2":"type-product","3":"status-publish","4":"has-post-thumbnail","6":"product_cat-tests","8":"first","9":"instock","10":"shipping-taxable","11":"purchasable","12":"product-type-simple"},"yoast_head":"<!-- This site is optimized with the Yoast SEO plugin v25.8 - https:\/\/yoast.com\/wordpress\/plugins\/seo\/ -->\n<title>Test nutrig\u00e9n\u00e9tique - nutrifit - Test de Paternit\u00e9<\/title>\n<meta name=\"robots\" content=\"index, follow, max-snippet:-1, max-image-preview:large, max-video-preview:-1\" \/>\n<link rel=\"canonical\" href=\"https:\/\/testdepaternite.fr\/es\/producto\/test-nutrigenetique\/\" \/>\n<meta property=\"og:locale\" content=\"es_ES\" \/>\n<meta property=\"og:type\" content=\"article\" \/>\n<meta property=\"og:title\" content=\"Test nutrig\u00e9n\u00e9tique - nutrifit - Test de Paternit\u00e9\" \/>\n<meta property=\"og:description\" content=\"Le\u00a0test de paternit\u00e9\u00a0vous permet d\u2019\u00e9tablir g\u00e9n\u00e9tiquement un lien de filiation entre un enfant et son p\u00e8re pr\u00e9sum\u00e9 apr\u00e8s la naissance \u00e0 partir d\u2019\u00e9chantillons buccaux ou non-buccaux. Vous b\u00e9n\u00e9ficiez du service instant notification qui vous permettra de suivre en temps r\u00e9el le suivi de votre analyse par SMS et email.\" \/>\n<meta property=\"og:url\" content=\"https:\/\/testdepaternite.fr\/es\/producto\/test-nutrigenetique\/\" \/>\n<meta property=\"og:site_name\" content=\"Test de Paternit\u00e9\" \/>\n<meta property=\"article:modified_time\" content=\"2024-10-11T10:42:19+00:00\" \/>\n<meta property=\"og:image\" content=\"https:\/\/testdepaternite.fr\/wp-content\/uploads\/2024\/07\/test-nutrigenetique.jpg\" \/>\n\t<meta property=\"og:image:width\" content=\"400\" \/>\n\t<meta property=\"og:image:height\" content=\"267\" \/>\n\t<meta property=\"og:image:type\" content=\"image\/jpeg\" \/>\n<meta name=\"twitter:card\" content=\"summary_large_image\" \/>\n<meta name=\"twitter:label1\" content=\"Tiempo de lectura\" \/>\n\t<meta name=\"twitter:data1\" content=\"1 minuto\" \/>\n<script type=\"application\/ld+json\" class=\"yoast-schema-graph\">{\"@context\":\"https:\/\/schema.org\",\"@graph\":[{\"@type\":\"WebPage\",\"@id\":\"https:\/\/testdepaternite.fr\/es\/producto\/test-nutrigenetique\/\",\"url\":\"https:\/\/testdepaternite.fr\/es\/producto\/test-nutrigenetique\/\",\"name\":\"Test nutrig\u00e9n\u00e9tique - nutrifit - Test de Paternit\u00e9\",\"isPartOf\":{\"@id\":\"https:\/\/testdepaternite.fr\/es\/#website\"},\"primaryImageOfPage\":{\"@id\":\"https:\/\/testdepaternite.fr\/es\/producto\/test-nutrigenetique\/#primaryimage\"},\"image\":{\"@id\":\"https:\/\/testdepaternite.fr\/es\/producto\/test-nutrigenetique\/#primaryimage\"},\"thumbnailUrl\":\"https:\/\/testdepaternite.fr\/wp-content\/uploads\/2024\/07\/test-nutrigenetique.jpg\",\"datePublished\":\"2024-07-25T10:39:14+00:00\",\"dateModified\":\"2024-10-11T10:42:19+00:00\",\"breadcrumb\":{\"@id\":\"https:\/\/testdepaternite.fr\/es\/producto\/test-nutrigenetique\/#breadcrumb\"},\"inLanguage\":\"es\",\"potentialAction\":[{\"@type\":\"ReadAction\",\"target\":[\"https:\/\/testdepaternite.fr\/es\/producto\/test-nutrigenetique\/\"]}]},{\"@type\":\"ImageObject\",\"inLanguage\":\"es\",\"@id\":\"https:\/\/testdepaternite.fr\/es\/producto\/test-nutrigenetique\/#primaryimage\",\"url\":\"https:\/\/testdepaternite.fr\/wp-content\/uploads\/2024\/07\/test-nutrigenetique.jpg\",\"contentUrl\":\"https:\/\/testdepaternite.fr\/wp-content\/uploads\/2024\/07\/test-nutrigenetique.jpg\",\"width\":400,\"height\":267},{\"@type\":\"BreadcrumbList\",\"@id\":\"https:\/\/testdepaternite.fr\/es\/producto\/test-nutrigenetique\/#breadcrumb\",\"itemListElement\":[{\"@type\":\"ListItem\",\"position\":1,\"name\":\"Portada\",\"item\":\"https:\/\/testdepaternite.fr\/es\/inicio\/\"},{\"@type\":\"ListItem\",\"position\":2,\"name\":\"Pruebas disponibles\",\"item\":\"https:\/\/testdepaternite.fr\/es\/tienda\/\"},{\"@type\":\"ListItem\",\"position\":3,\"name\":\"Test nutrig\u00e9n\u00e9tique &#8211; nutrifit\"}]},{\"@type\":\"WebSite\",\"@id\":\"https:\/\/testdepaternite.fr\/es\/#website\",\"url\":\"https:\/\/testdepaternite.fr\/es\/\",\"name\":\"Test de Paternit\u00e9\",\"description\":\"\",\"potentialAction\":[{\"@type\":\"SearchAction\",\"target\":{\"@type\":\"EntryPoint\",\"urlTemplate\":\"https:\/\/testdepaternite.fr\/es\/?s={search_term_string}\"},\"query-input\":{\"@type\":\"PropertyValueSpecification\",\"valueRequired\":true,\"valueName\":\"search_term_string\"}}],\"inLanguage\":\"es\"}]}<\/script>\n<!-- \/ Yoast SEO plugin. -->","yoast_head_json":{"title":"Test nutrig\u00e9n\u00e9tique - nutrifit - Test de Paternit\u00e9","robots":{"index":"index","follow":"follow","max-snippet":"max-snippet:-1","max-image-preview":"max-image-preview:large","max-video-preview":"max-video-preview:-1"},"canonical":"https:\/\/testdepaternite.fr\/es\/producto\/test-nutrigenetique\/","og_locale":"es_ES","og_type":"article","og_title":"Test nutrig\u00e9n\u00e9tique - nutrifit - Test de Paternit\u00e9","og_description":"Le\u00a0test de paternit\u00e9\u00a0vous permet d\u2019\u00e9tablir g\u00e9n\u00e9tiquement un lien de filiation entre un enfant et son p\u00e8re pr\u00e9sum\u00e9 apr\u00e8s la naissance \u00e0 partir d\u2019\u00e9chantillons buccaux ou non-buccaux. Vous b\u00e9n\u00e9ficiez du service instant notification qui vous permettra de suivre en temps r\u00e9el le suivi de votre analyse par SMS et email.","og_url":"https:\/\/testdepaternite.fr\/es\/producto\/test-nutrigenetique\/","og_site_name":"Test de Paternit\u00e9","article_modified_time":"2024-10-11T10:42:19+00:00","og_image":[{"width":400,"height":267,"url":"https:\/\/testdepaternite.fr\/wp-content\/uploads\/2024\/07\/test-nutrigenetique.jpg","type":"image\/jpeg"}],"twitter_card":"summary_large_image","twitter_misc":{"Tiempo de lectura":"1 minuto"},"schema":{"@context":"https:\/\/schema.org","@graph":[{"@type":"WebPage","@id":"https:\/\/testdepaternite.fr\/es\/producto\/test-nutrigenetique\/","url":"https:\/\/testdepaternite.fr\/es\/producto\/test-nutrigenetique\/","name":"Test nutrig\u00e9n\u00e9tique - nutrifit - Test de Paternit\u00e9","isPartOf":{"@id":"https:\/\/testdepaternite.fr\/es\/#website"},"primaryImageOfPage":{"@id":"https:\/\/testdepaternite.fr\/es\/producto\/test-nutrigenetique\/#primaryimage"},"image":{"@id":"https:\/\/testdepaternite.fr\/es\/producto\/test-nutrigenetique\/#primaryimage"},"thumbnailUrl":"https:\/\/testdepaternite.fr\/wp-content\/uploads\/2024\/07\/test-nutrigenetique.jpg","datePublished":"2024-07-25T10:39:14+00:00","dateModified":"2024-10-11T10:42:19+00:00","breadcrumb":{"@id":"https:\/\/testdepaternite.fr\/es\/producto\/test-nutrigenetique\/#breadcrumb"},"inLanguage":"es","potentialAction":[{"@type":"ReadAction","target":["https:\/\/testdepaternite.fr\/es\/producto\/test-nutrigenetique\/"]}]},{"@type":"ImageObject","inLanguage":"es","@id":"https:\/\/testdepaternite.fr\/es\/producto\/test-nutrigenetique\/#primaryimage","url":"https:\/\/testdepaternite.fr\/wp-content\/uploads\/2024\/07\/test-nutrigenetique.jpg","contentUrl":"https:\/\/testdepaternite.fr\/wp-content\/uploads\/2024\/07\/test-nutrigenetique.jpg","width":400,"height":267},{"@type":"BreadcrumbList","@id":"https:\/\/testdepaternite.fr\/es\/producto\/test-nutrigenetique\/#breadcrumb","itemListElement":[{"@type":"ListItem","position":1,"name":"Portada","item":"https:\/\/testdepaternite.fr\/es\/inicio\/"},{"@type":"ListItem","position":2,"name":"Pruebas disponibles","item":"https:\/\/testdepaternite.fr\/es\/tienda\/"},{"@type":"ListItem","position":3,"name":"Test nutrig\u00e9n\u00e9tique &#8211; nutrifit"}]},{"@type":"WebSite","@id":"https:\/\/testdepaternite.fr\/es\/#website","url":"https:\/\/testdepaternite.fr\/es\/","name":"Test de Paternit\u00e9","description":"","potentialAction":[{"@type":"SearchAction","target":{"@type":"EntryPoint","urlTemplate":"https:\/\/testdepaternite.fr\/es\/?s={search_term_string}"},"query-input":{"@type":"PropertyValueSpecification","valueRequired":true,"valueName":"search_term_string"}}],"inLanguage":"es"}]}},"_links":{"self":[{"href":"https:\/\/testdepaternite.fr\/es\/wp-json\/wp\/v2\/product\/275","targetHints":{"allow":["GET"]}}],"collection":[{"href":"https:\/\/testdepaternite.fr\/es\/wp-json\/wp\/v2\/product"}],"about":[{"href":"https:\/\/testdepaternite.fr\/es\/wp-json\/wp\/v2\/types\/product"}],"replies":[{"embeddable":true,"href":"https:\/\/testdepaternite.fr\/es\/wp-json\/wp\/v2\/comments?post=275"}],"wp:featuredmedia":[{"embeddable":true,"href":"https:\/\/testdepaternite.fr\/es\/wp-json\/wp\/v2\/media\/347"}],"wp:attachment":[{"href":"https:\/\/testdepaternite.fr\/es\/wp-json\/wp\/v2\/media?parent=275"}],"wp:term":[{"taxonomy":"product_brand","embeddable":true,"href":"https:\/\/testdepaternite.fr\/es\/wp-json\/wp\/v2\/product_brand?post=275"},{"taxonomy":"product_cat","embeddable":true,"href":"https:\/\/testdepaternite.fr\/es\/wp-json\/wp\/v2\/product_cat?post=275"},{"taxonomy":"product_tag","embeddable":true,"href":"https:\/\/testdepaternite.fr\/es\/wp-json\/wp\/v2\/product_tag?post=275"}],"curies":[{"name":"wp","href":"https:\/\/api.w.org\/{rel}","templated":true}]}}