{"id":268,"date":"2024-07-25T10:18:56","date_gmt":"2024-07-25T10:18:56","guid":{"rendered":"https:\/\/test.ladigital.art\/?post_type=product&#038;p=268"},"modified":"2024-10-11T10:44:13","modified_gmt":"2024-10-11T10:44:13","slug":"test-de-chromosome-x","status":"publish","type":"product","link":"https:\/\/testdepaternite.fr\/es\/producto\/test-de-chromosome-x\/","title":{"rendered":"Test de chromosome X"},"content":{"rendered":"<p>Le <strong>test de chromosome X<\/strong> permet de r\u00e9aliser une \u00e9tude du chromosome X de deux s\u0153urs et de r\u00e9soudre les doutes \u00e9ventuels concernant leur origine paternelle. La participation de la m\u00e8re est n\u00e9cessaire pour r\u00e9aliser cette \u00e9tude de fraternit\u00e9 lorsque les deux s\u0153urs partagent la m\u00eame m\u00e8re.<\/p>\n<p>Si ce sont des demi-s\u0153urs, en cas de co\u00efncidence, nous pouvons affirmer qu\u2019il s\u2019agit bien de s\u0153urs du m\u00eame p\u00e8re biologique, avec une\u00a0fiabilit\u00e9 sup\u00e9rieure \u00e0 99,99\u00a0%. Les participantes sont\u00a0s\u0153urs du c\u00f4t\u00e9 paternel.<\/p>\n<p>En revanche, en l\u2019absence de co\u00efncidence, les participantes ne sont pas filles du m\u00eame p\u00e8re biologique avec une\u00a0fiabilit\u00e9 de 100\u00a0%\u00a0; et elles ne sont pas s\u0153urs du c\u00f4t\u00e9 paternel.<\/p>\n<p><strong>Les r\u00e9sultats sont pr\u00e9cis<\/strong>. Vous recevrez votre rapport de r\u00e9sultats dans un d\u00e9lai de <strong>5 \u00e0 6 jours ouvrables<\/strong> \u00e0 r\u00e9ception des \u00e9chantillons.<\/p>\n","protected":false},"excerpt":{"rendered":"<p>Le test d\u2019ADN de fratrie permet de r\u00e9aliser une \u00e9tude du chromosome X de deux s\u0153urs et de r\u00e9soudre les doutes \u00e9ventuels concernant leur origine paternelle. La participation de la m\u00e8re est n\u00e9cessaire pour r\u00e9aliser cette \u00e9tude de fraternit\u00e9.<\/p>\n","protected":false},"featured_media":350,"comment_status":"closed","ping_status":"closed","template":"","meta":[],"product_brand":[],"product_cat":[18],"product_tag":[],"class_list":{"0":"post-268","1":"product","2":"type-product","3":"status-publish","4":"has-post-thumbnail","6":"product_cat-tests","8":"first","9":"instock","10":"shipping-taxable","11":"purchasable","12":"product-type-simple"},"yoast_head":"<!-- This site is optimized with the Yoast SEO plugin v25.8 - https:\/\/yoast.com\/wordpress\/plugins\/seo\/ -->\n<title>Test de chromosome X - Test de Paternit\u00e9<\/title>\n<meta name=\"robots\" content=\"index, follow, max-snippet:-1, max-image-preview:large, max-video-preview:-1\" \/>\n<link rel=\"canonical\" href=\"https:\/\/testdepaternite.fr\/es\/producto\/test-de-chromosome-x\/\" \/>\n<meta property=\"og:locale\" content=\"es_ES\" \/>\n<meta property=\"og:type\" content=\"article\" \/>\n<meta property=\"og:title\" content=\"Test de chromosome X - Test de Paternit\u00e9\" \/>\n<meta property=\"og:description\" content=\"Le test d\u2019ADN de fratrie permet de r\u00e9aliser une \u00e9tude du chromosome X de deux s\u0153urs et de r\u00e9soudre les doutes \u00e9ventuels concernant leur origine paternelle. La participation de la m\u00e8re est n\u00e9cessaire pour r\u00e9aliser cette \u00e9tude de fraternit\u00e9.\" \/>\n<meta property=\"og:url\" content=\"https:\/\/testdepaternite.fr\/es\/producto\/test-de-chromosome-x\/\" \/>\n<meta property=\"og:site_name\" content=\"Test de Paternit\u00e9\" \/>\n<meta property=\"article:modified_time\" content=\"2024-10-11T10:44:13+00:00\" \/>\n<meta property=\"og:image\" content=\"https:\/\/testdepaternite.fr\/wp-content\/uploads\/2024\/07\/test-de-chromosome-x.jpg\" \/>\n\t<meta property=\"og:image:width\" content=\"400\" \/>\n\t<meta property=\"og:image:height\" content=\"267\" \/>\n\t<meta property=\"og:image:type\" content=\"image\/jpeg\" \/>\n<meta name=\"twitter:card\" content=\"summary_large_image\" \/>\n<meta name=\"twitter:label1\" content=\"Tiempo de lectura\" \/>\n\t<meta name=\"twitter:data1\" content=\"1 minuto\" \/>\n<script type=\"application\/ld+json\" class=\"yoast-schema-graph\">{\"@context\":\"https:\/\/schema.org\",\"@graph\":[{\"@type\":\"WebPage\",\"@id\":\"https:\/\/testdepaternite.fr\/es\/producto\/test-de-chromosome-x\/\",\"url\":\"https:\/\/testdepaternite.fr\/es\/producto\/test-de-chromosome-x\/\",\"name\":\"Test de chromosome X - Test de Paternit\u00e9\",\"isPartOf\":{\"@id\":\"https:\/\/testdepaternite.fr\/es\/#website\"},\"primaryImageOfPage\":{\"@id\":\"https:\/\/testdepaternite.fr\/es\/producto\/test-de-chromosome-x\/#primaryimage\"},\"image\":{\"@id\":\"https:\/\/testdepaternite.fr\/es\/producto\/test-de-chromosome-x\/#primaryimage\"},\"thumbnailUrl\":\"https:\/\/testdepaternite.fr\/wp-content\/uploads\/2024\/07\/test-de-chromosome-x.jpg\",\"datePublished\":\"2024-07-25T10:18:56+00:00\",\"dateModified\":\"2024-10-11T10:44:13+00:00\",\"breadcrumb\":{\"@id\":\"https:\/\/testdepaternite.fr\/es\/producto\/test-de-chromosome-x\/#breadcrumb\"},\"inLanguage\":\"es\",\"potentialAction\":[{\"@type\":\"ReadAction\",\"target\":[\"https:\/\/testdepaternite.fr\/es\/producto\/test-de-chromosome-x\/\"]}]},{\"@type\":\"ImageObject\",\"inLanguage\":\"es\",\"@id\":\"https:\/\/testdepaternite.fr\/es\/producto\/test-de-chromosome-x\/#primaryimage\",\"url\":\"https:\/\/testdepaternite.fr\/wp-content\/uploads\/2024\/07\/test-de-chromosome-x.jpg\",\"contentUrl\":\"https:\/\/testdepaternite.fr\/wp-content\/uploads\/2024\/07\/test-de-chromosome-x.jpg\",\"width\":400,\"height\":267},{\"@type\":\"BreadcrumbList\",\"@id\":\"https:\/\/testdepaternite.fr\/es\/producto\/test-de-chromosome-x\/#breadcrumb\",\"itemListElement\":[{\"@type\":\"ListItem\",\"position\":1,\"name\":\"Portada\",\"item\":\"https:\/\/testdepaternite.fr\/es\/inicio\/\"},{\"@type\":\"ListItem\",\"position\":2,\"name\":\"Pruebas disponibles\",\"item\":\"https:\/\/testdepaternite.fr\/es\/tienda\/\"},{\"@type\":\"ListItem\",\"position\":3,\"name\":\"Test de chromosome X\"}]},{\"@type\":\"WebSite\",\"@id\":\"https:\/\/testdepaternite.fr\/es\/#website\",\"url\":\"https:\/\/testdepaternite.fr\/es\/\",\"name\":\"Test de Paternit\u00e9\",\"description\":\"\",\"potentialAction\":[{\"@type\":\"SearchAction\",\"target\":{\"@type\":\"EntryPoint\",\"urlTemplate\":\"https:\/\/testdepaternite.fr\/es\/?s={search_term_string}\"},\"query-input\":{\"@type\":\"PropertyValueSpecification\",\"valueRequired\":true,\"valueName\":\"search_term_string\"}}],\"inLanguage\":\"es\"}]}<\/script>\n<!-- \/ Yoast SEO plugin. -->","yoast_head_json":{"title":"Test de chromosome X - Test de Paternit\u00e9","robots":{"index":"index","follow":"follow","max-snippet":"max-snippet:-1","max-image-preview":"max-image-preview:large","max-video-preview":"max-video-preview:-1"},"canonical":"https:\/\/testdepaternite.fr\/es\/producto\/test-de-chromosome-x\/","og_locale":"es_ES","og_type":"article","og_title":"Test de chromosome X - Test de Paternit\u00e9","og_description":"Le test d\u2019ADN de fratrie permet de r\u00e9aliser une \u00e9tude du chromosome X de deux s\u0153urs et de r\u00e9soudre les doutes \u00e9ventuels concernant leur origine paternelle. La participation de la m\u00e8re est n\u00e9cessaire pour r\u00e9aliser cette \u00e9tude de fraternit\u00e9.","og_url":"https:\/\/testdepaternite.fr\/es\/producto\/test-de-chromosome-x\/","og_site_name":"Test de Paternit\u00e9","article_modified_time":"2024-10-11T10:44:13+00:00","og_image":[{"width":400,"height":267,"url":"https:\/\/testdepaternite.fr\/wp-content\/uploads\/2024\/07\/test-de-chromosome-x.jpg","type":"image\/jpeg"}],"twitter_card":"summary_large_image","twitter_misc":{"Tiempo de lectura":"1 minuto"},"schema":{"@context":"https:\/\/schema.org","@graph":[{"@type":"WebPage","@id":"https:\/\/testdepaternite.fr\/es\/producto\/test-de-chromosome-x\/","url":"https:\/\/testdepaternite.fr\/es\/producto\/test-de-chromosome-x\/","name":"Test de chromosome X - Test de Paternit\u00e9","isPartOf":{"@id":"https:\/\/testdepaternite.fr\/es\/#website"},"primaryImageOfPage":{"@id":"https:\/\/testdepaternite.fr\/es\/producto\/test-de-chromosome-x\/#primaryimage"},"image":{"@id":"https:\/\/testdepaternite.fr\/es\/producto\/test-de-chromosome-x\/#primaryimage"},"thumbnailUrl":"https:\/\/testdepaternite.fr\/wp-content\/uploads\/2024\/07\/test-de-chromosome-x.jpg","datePublished":"2024-07-25T10:18:56+00:00","dateModified":"2024-10-11T10:44:13+00:00","breadcrumb":{"@id":"https:\/\/testdepaternite.fr\/es\/producto\/test-de-chromosome-x\/#breadcrumb"},"inLanguage":"es","potentialAction":[{"@type":"ReadAction","target":["https:\/\/testdepaternite.fr\/es\/producto\/test-de-chromosome-x\/"]}]},{"@type":"ImageObject","inLanguage":"es","@id":"https:\/\/testdepaternite.fr\/es\/producto\/test-de-chromosome-x\/#primaryimage","url":"https:\/\/testdepaternite.fr\/wp-content\/uploads\/2024\/07\/test-de-chromosome-x.jpg","contentUrl":"https:\/\/testdepaternite.fr\/wp-content\/uploads\/2024\/07\/test-de-chromosome-x.jpg","width":400,"height":267},{"@type":"BreadcrumbList","@id":"https:\/\/testdepaternite.fr\/es\/producto\/test-de-chromosome-x\/#breadcrumb","itemListElement":[{"@type":"ListItem","position":1,"name":"Portada","item":"https:\/\/testdepaternite.fr\/es\/inicio\/"},{"@type":"ListItem","position":2,"name":"Pruebas disponibles","item":"https:\/\/testdepaternite.fr\/es\/tienda\/"},{"@type":"ListItem","position":3,"name":"Test de chromosome X"}]},{"@type":"WebSite","@id":"https:\/\/testdepaternite.fr\/es\/#website","url":"https:\/\/testdepaternite.fr\/es\/","name":"Test de Paternit\u00e9","description":"","potentialAction":[{"@type":"SearchAction","target":{"@type":"EntryPoint","urlTemplate":"https:\/\/testdepaternite.fr\/es\/?s={search_term_string}"},"query-input":{"@type":"PropertyValueSpecification","valueRequired":true,"valueName":"search_term_string"}}],"inLanguage":"es"}]}},"_links":{"self":[{"href":"https:\/\/testdepaternite.fr\/es\/wp-json\/wp\/v2\/product\/268","targetHints":{"allow":["GET"]}}],"collection":[{"href":"https:\/\/testdepaternite.fr\/es\/wp-json\/wp\/v2\/product"}],"about":[{"href":"https:\/\/testdepaternite.fr\/es\/wp-json\/wp\/v2\/types\/product"}],"replies":[{"embeddable":true,"href":"https:\/\/testdepaternite.fr\/es\/wp-json\/wp\/v2\/comments?post=268"}],"wp:featuredmedia":[{"embeddable":true,"href":"https:\/\/testdepaternite.fr\/es\/wp-json\/wp\/v2\/media\/350"}],"wp:attachment":[{"href":"https:\/\/testdepaternite.fr\/es\/wp-json\/wp\/v2\/media?parent=268"}],"wp:term":[{"taxonomy":"product_brand","embeddable":true,"href":"https:\/\/testdepaternite.fr\/es\/wp-json\/wp\/v2\/product_brand?post=268"},{"taxonomy":"product_cat","embeddable":true,"href":"https:\/\/testdepaternite.fr\/es\/wp-json\/wp\/v2\/product_cat?post=268"},{"taxonomy":"product_tag","embeddable":true,"href":"https:\/\/testdepaternite.fr\/es\/wp-json\/wp\/v2\/product_tag?post=268"}],"curies":[{"name":"wp","href":"https:\/\/api.w.org\/{rel}","templated":true}]}}