{"id":154,"date":"2024-06-06T12:43:37","date_gmt":"2024-06-06T12:43:37","guid":{"rendered":"https:\/\/bold-taussig.217-160-227-206.plesk.page\/?post_type=product&#038;p=154"},"modified":"2024-10-11T10:45:26","modified_gmt":"2024-10-11T10:45:26","slug":"test-de-chromosome-y","status":"publish","type":"product","link":"https:\/\/testdepaternite.fr\/es\/producto\/test-de-chromosome-y\/","title":{"rendered":"Test de chromosome Y"},"content":{"rendered":"<p>Le <strong>test de chromosome Y<\/strong> ou de lign\u00e9e Y vous permet d\u2019\u00e9tablir g\u00e9n\u00e9tiquement un lien de filiation entre un ou des individus m\u00e2les qu\u2019ils soient ascendants ou descendants. C\u2019est une v\u00e9rification indirecte de paternit\u00e9 ou de grande parentalit\u00e9 en l\u2019absence du p\u00e8re ou des grands parents naturels de l\u2019enfant qui peut se faire avec un grand p\u00e8re, un oncle ou entre cousins.<\/p>\n<p>S\u2019il est impossible d\u2019obtenir des <strong>\u00e9chantillons standard<\/strong> (\u00e9couvillon buccal), nous pouvons utiliser des <strong>\u00e9chantillons non standard<\/strong>, comme :\u00a0 mucosit\u00e9s nasales, m\u00e9got, ongles, brosse \u00e0 dents, tache de sang, coton-tige de nettoyage des oreilles cire d\u2019oreille, cheveux avec racine, entre autres. Vous pouvez demander \u00e0 nos techniciens plus d\u2019options pour les \u00e9chantillons \u00e0 analyser.<\/p>\n<p><strong>Les r\u00e9sultats sont pr\u00e9cis<\/strong>. Vous recevrez votre rapport de r\u00e9sultats dans un d\u00e9lai de <strong>5 \u00e0 6 jours ouvrables<\/strong> \u00e0 r\u00e9ception des \u00e9chantillons. La fiabilit\u00e9 du test est de 100% dans les cas n\u00e9gatifs et dans les cas positifs peut \u00eatre sup\u00e9rieur \u00e0 99,99\u00a0%.<\/p>\n","protected":false},"excerpt":{"rendered":"<p><strong>Des doutes sur la fraternit\u00e9 entre les hommes qui sont cens\u00e9s partager le m\u00eame p\u00e8re.<\/strong><\/p>\n<p>Le test d\u2019ADN de fratrie permet de r\u00e9aliser une \u00e9tude du chromosome Y entre des individus de sexe masculin et de r\u00e9soudre les doutes \u00e9ventuels concernant leur origine paternelle. L\u2019\u00e9tude du chromosome Y permet de r\u00e9aliser des \u00e9tudes de filiation.<\/p>\n","protected":false},"featured_media":352,"comment_status":"closed","ping_status":"closed","template":"","meta":[],"product_brand":[],"product_cat":[18],"product_tag":[],"class_list":{"0":"post-154","1":"product","2":"type-product","3":"status-publish","4":"has-post-thumbnail","6":"product_cat-tests","8":"first","9":"instock","10":"shipping-taxable","11":"purchasable","12":"product-type-simple"},"yoast_head":"<!-- This site is optimized with the Yoast SEO plugin v25.8 - https:\/\/yoast.com\/wordpress\/plugins\/seo\/ -->\n<title>Test de chromosome Y - Test de Paternit\u00e9<\/title>\n<meta name=\"robots\" content=\"index, follow, max-snippet:-1, max-image-preview:large, max-video-preview:-1\" \/>\n<link rel=\"canonical\" href=\"https:\/\/testdepaternite.fr\/es\/producto\/test-de-chromosome-y\/\" \/>\n<meta property=\"og:locale\" content=\"es_ES\" \/>\n<meta property=\"og:type\" content=\"article\" \/>\n<meta property=\"og:title\" content=\"Test de chromosome Y - Test de Paternit\u00e9\" \/>\n<meta property=\"og:description\" content=\"Des doutes sur la fraternit\u00e9 entre les hommes qui sont cens\u00e9s partager le m\u00eame p\u00e8re.  Le test d\u2019ADN de fratrie permet de r\u00e9aliser une \u00e9tude du chromosome Y entre des individus de sexe masculin et de r\u00e9soudre les doutes \u00e9ventuels concernant leur origine paternelle. L\u2019\u00e9tude du chromosome Y permet de r\u00e9aliser des \u00e9tudes de filiation.\" \/>\n<meta property=\"og:url\" content=\"https:\/\/testdepaternite.fr\/es\/producto\/test-de-chromosome-y\/\" \/>\n<meta property=\"og:site_name\" content=\"Test de Paternit\u00e9\" \/>\n<meta property=\"article:modified_time\" content=\"2024-10-11T10:45:26+00:00\" \/>\n<meta property=\"og:image\" content=\"https:\/\/testdepaternite.fr\/wp-content\/uploads\/2024\/06\/test-de-chromosome-y.jpg\" \/>\n\t<meta property=\"og:image:width\" content=\"400\" \/>\n\t<meta property=\"og:image:height\" content=\"267\" \/>\n\t<meta property=\"og:image:type\" content=\"image\/jpeg\" \/>\n<meta name=\"twitter:card\" content=\"summary_large_image\" \/>\n<meta name=\"twitter:label1\" content=\"Tiempo de lectura\" \/>\n\t<meta name=\"twitter:data1\" content=\"1 minuto\" \/>\n<script type=\"application\/ld+json\" class=\"yoast-schema-graph\">{\"@context\":\"https:\/\/schema.org\",\"@graph\":[{\"@type\":\"WebPage\",\"@id\":\"https:\/\/testdepaternite.fr\/es\/producto\/test-de-chromosome-y\/\",\"url\":\"https:\/\/testdepaternite.fr\/es\/producto\/test-de-chromosome-y\/\",\"name\":\"Test de chromosome Y - Test de Paternit\u00e9\",\"isPartOf\":{\"@id\":\"https:\/\/testdepaternite.fr\/es\/#website\"},\"primaryImageOfPage\":{\"@id\":\"https:\/\/testdepaternite.fr\/es\/producto\/test-de-chromosome-y\/#primaryimage\"},\"image\":{\"@id\":\"https:\/\/testdepaternite.fr\/es\/producto\/test-de-chromosome-y\/#primaryimage\"},\"thumbnailUrl\":\"https:\/\/testdepaternite.fr\/wp-content\/uploads\/2024\/06\/test-de-chromosome-y.jpg\",\"datePublished\":\"2024-06-06T12:43:37+00:00\",\"dateModified\":\"2024-10-11T10:45:26+00:00\",\"breadcrumb\":{\"@id\":\"https:\/\/testdepaternite.fr\/es\/producto\/test-de-chromosome-y\/#breadcrumb\"},\"inLanguage\":\"es\",\"potentialAction\":[{\"@type\":\"ReadAction\",\"target\":[\"https:\/\/testdepaternite.fr\/es\/producto\/test-de-chromosome-y\/\"]}]},{\"@type\":\"ImageObject\",\"inLanguage\":\"es\",\"@id\":\"https:\/\/testdepaternite.fr\/es\/producto\/test-de-chromosome-y\/#primaryimage\",\"url\":\"https:\/\/testdepaternite.fr\/wp-content\/uploads\/2024\/06\/test-de-chromosome-y.jpg\",\"contentUrl\":\"https:\/\/testdepaternite.fr\/wp-content\/uploads\/2024\/06\/test-de-chromosome-y.jpg\",\"width\":400,\"height\":267},{\"@type\":\"BreadcrumbList\",\"@id\":\"https:\/\/testdepaternite.fr\/es\/producto\/test-de-chromosome-y\/#breadcrumb\",\"itemListElement\":[{\"@type\":\"ListItem\",\"position\":1,\"name\":\"Portada\",\"item\":\"https:\/\/testdepaternite.fr\/es\/inicio\/\"},{\"@type\":\"ListItem\",\"position\":2,\"name\":\"Pruebas disponibles\",\"item\":\"https:\/\/testdepaternite.fr\/es\/tienda\/\"},{\"@type\":\"ListItem\",\"position\":3,\"name\":\"Test de chromosome Y\"}]},{\"@type\":\"WebSite\",\"@id\":\"https:\/\/testdepaternite.fr\/es\/#website\",\"url\":\"https:\/\/testdepaternite.fr\/es\/\",\"name\":\"Test de Paternit\u00e9\",\"description\":\"\",\"potentialAction\":[{\"@type\":\"SearchAction\",\"target\":{\"@type\":\"EntryPoint\",\"urlTemplate\":\"https:\/\/testdepaternite.fr\/es\/?s={search_term_string}\"},\"query-input\":{\"@type\":\"PropertyValueSpecification\",\"valueRequired\":true,\"valueName\":\"search_term_string\"}}],\"inLanguage\":\"es\"}]}<\/script>\n<!-- \/ Yoast SEO plugin. -->","yoast_head_json":{"title":"Test de chromosome Y - Test de Paternit\u00e9","robots":{"index":"index","follow":"follow","max-snippet":"max-snippet:-1","max-image-preview":"max-image-preview:large","max-video-preview":"max-video-preview:-1"},"canonical":"https:\/\/testdepaternite.fr\/es\/producto\/test-de-chromosome-y\/","og_locale":"es_ES","og_type":"article","og_title":"Test de chromosome Y - Test de Paternit\u00e9","og_description":"Des doutes sur la fraternit\u00e9 entre les hommes qui sont cens\u00e9s partager le m\u00eame p\u00e8re.  Le test d\u2019ADN de fratrie permet de r\u00e9aliser une \u00e9tude du chromosome Y entre des individus de sexe masculin et de r\u00e9soudre les doutes \u00e9ventuels concernant leur origine paternelle. L\u2019\u00e9tude du chromosome Y permet de r\u00e9aliser des \u00e9tudes de filiation.","og_url":"https:\/\/testdepaternite.fr\/es\/producto\/test-de-chromosome-y\/","og_site_name":"Test de Paternit\u00e9","article_modified_time":"2024-10-11T10:45:26+00:00","og_image":[{"width":400,"height":267,"url":"https:\/\/testdepaternite.fr\/wp-content\/uploads\/2024\/06\/test-de-chromosome-y.jpg","type":"image\/jpeg"}],"twitter_card":"summary_large_image","twitter_misc":{"Tiempo de lectura":"1 minuto"},"schema":{"@context":"https:\/\/schema.org","@graph":[{"@type":"WebPage","@id":"https:\/\/testdepaternite.fr\/es\/producto\/test-de-chromosome-y\/","url":"https:\/\/testdepaternite.fr\/es\/producto\/test-de-chromosome-y\/","name":"Test de chromosome Y - Test de Paternit\u00e9","isPartOf":{"@id":"https:\/\/testdepaternite.fr\/es\/#website"},"primaryImageOfPage":{"@id":"https:\/\/testdepaternite.fr\/es\/producto\/test-de-chromosome-y\/#primaryimage"},"image":{"@id":"https:\/\/testdepaternite.fr\/es\/producto\/test-de-chromosome-y\/#primaryimage"},"thumbnailUrl":"https:\/\/testdepaternite.fr\/wp-content\/uploads\/2024\/06\/test-de-chromosome-y.jpg","datePublished":"2024-06-06T12:43:37+00:00","dateModified":"2024-10-11T10:45:26+00:00","breadcrumb":{"@id":"https:\/\/testdepaternite.fr\/es\/producto\/test-de-chromosome-y\/#breadcrumb"},"inLanguage":"es","potentialAction":[{"@type":"ReadAction","target":["https:\/\/testdepaternite.fr\/es\/producto\/test-de-chromosome-y\/"]}]},{"@type":"ImageObject","inLanguage":"es","@id":"https:\/\/testdepaternite.fr\/es\/producto\/test-de-chromosome-y\/#primaryimage","url":"https:\/\/testdepaternite.fr\/wp-content\/uploads\/2024\/06\/test-de-chromosome-y.jpg","contentUrl":"https:\/\/testdepaternite.fr\/wp-content\/uploads\/2024\/06\/test-de-chromosome-y.jpg","width":400,"height":267},{"@type":"BreadcrumbList","@id":"https:\/\/testdepaternite.fr\/es\/producto\/test-de-chromosome-y\/#breadcrumb","itemListElement":[{"@type":"ListItem","position":1,"name":"Portada","item":"https:\/\/testdepaternite.fr\/es\/inicio\/"},{"@type":"ListItem","position":2,"name":"Pruebas disponibles","item":"https:\/\/testdepaternite.fr\/es\/tienda\/"},{"@type":"ListItem","position":3,"name":"Test de chromosome Y"}]},{"@type":"WebSite","@id":"https:\/\/testdepaternite.fr\/es\/#website","url":"https:\/\/testdepaternite.fr\/es\/","name":"Test de Paternit\u00e9","description":"","potentialAction":[{"@type":"SearchAction","target":{"@type":"EntryPoint","urlTemplate":"https:\/\/testdepaternite.fr\/es\/?s={search_term_string}"},"query-input":{"@type":"PropertyValueSpecification","valueRequired":true,"valueName":"search_term_string"}}],"inLanguage":"es"}]}},"_links":{"self":[{"href":"https:\/\/testdepaternite.fr\/es\/wp-json\/wp\/v2\/product\/154","targetHints":{"allow":["GET"]}}],"collection":[{"href":"https:\/\/testdepaternite.fr\/es\/wp-json\/wp\/v2\/product"}],"about":[{"href":"https:\/\/testdepaternite.fr\/es\/wp-json\/wp\/v2\/types\/product"}],"replies":[{"embeddable":true,"href":"https:\/\/testdepaternite.fr\/es\/wp-json\/wp\/v2\/comments?post=154"}],"wp:featuredmedia":[{"embeddable":true,"href":"https:\/\/testdepaternite.fr\/es\/wp-json\/wp\/v2\/media\/352"}],"wp:attachment":[{"href":"https:\/\/testdepaternite.fr\/es\/wp-json\/wp\/v2\/media?parent=154"}],"wp:term":[{"taxonomy":"product_brand","embeddable":true,"href":"https:\/\/testdepaternite.fr\/es\/wp-json\/wp\/v2\/product_brand?post=154"},{"taxonomy":"product_cat","embeddable":true,"href":"https:\/\/testdepaternite.fr\/es\/wp-json\/wp\/v2\/product_cat?post=154"},{"taxonomy":"product_tag","embeddable":true,"href":"https:\/\/testdepaternite.fr\/es\/wp-json\/wp\/v2\/product_tag?post=154"}],"curies":[{"name":"wp","href":"https:\/\/api.w.org\/{rel}","templated":true}]}}