{"id":152,"date":"2024-06-06T12:41:51","date_gmt":"2024-06-06T12:41:51","guid":{"rendered":"https:\/\/bold-taussig.217-160-227-206.plesk.page\/?post_type=product&#038;p=152"},"modified":"2024-10-11T10:46:34","modified_gmt":"2024-10-11T10:46:34","slug":"test-de-gemellite","status":"publish","type":"product","link":"https:\/\/testdepaternite.fr\/es\/producto\/test-de-gemellite\/","title":{"rendered":"Test de g\u00e9mellit\u00e9"},"content":{"rendered":"<p>Le <strong>test de g\u00e9mellit\u00e9<\/strong> ou dit ADN de zygosit\u00e9 vous permet d\u2019\u00e9tablir si des jumeaux ou jumelles sont monozygotes. Des jumeaux ou jumelles monozygotes sont ce qu\u2019on appelle des \u00ab vrais \u00bb jumeaux ou \u00ab vraies jumelles \u00bb. Ils ou elles sont h\u00e9t\u00e9rozygotes quand on dit qu\u2019ils sont \u00ab faux \u00bb ou \u00ab fausses \u00bb.<\/p>\n<p><strong>Interpr\u00e9tation des r\u00e9sultats<\/strong>. Si les jumeaux sont identiques (monozygotes), les deux profils g\u00e9n\u00e9tiques seront identiques. Alors que s\u2019ils sont h\u00e9t\u00e9rozygotes, ils auront des profils g\u00e9n\u00e9tiques diff\u00e9rents.<\/p>\n<p><strong>Les r\u00e9sultats sont pr\u00e9cis<\/strong>. Vous recevrez votre rapport de r\u00e9sultats dans un d\u00e9lai de <strong>3 \u00e0 5 jours ouvrables<\/strong> \u00e0 r\u00e9ception des \u00e9chantillons.<\/p>\n","protected":false},"excerpt":{"rendered":"<p><strong>Doutes entre fr\u00e8res \/ s\u0153urs, peu importe la par sexe qui est cens\u00e9 partager la m\u00e8re<\/strong><\/p>\n<p>Le test d\u2019ADN par l\u2019analyse de l\u2019ADN mitochondrial permet de r\u00e9aliser une \u00e9tude entre fr\u00e8res et s\u0153urs et de r\u00e9soudre les doutes relatifs \u00e0 leur origine maternelle. L\u2019analyse de l\u2019ADN mitochondrial ne d\u00e9pend pas du sexe des participants.<\/p>\n","protected":false},"featured_media":353,"comment_status":"closed","ping_status":"closed","template":"","meta":[],"product_brand":[],"product_cat":[18],"product_tag":[],"class_list":{"0":"post-152","1":"product","2":"type-product","3":"status-publish","4":"has-post-thumbnail","6":"product_cat-tests","8":"first","9":"instock","10":"shipping-taxable","11":"purchasable","12":"product-type-simple"},"yoast_head":"<!-- This site is optimized with the Yoast SEO plugin v25.8 - https:\/\/yoast.com\/wordpress\/plugins\/seo\/ -->\n<title>Test de g\u00e9mellit\u00e9 - Test de Paternit\u00e9<\/title>\n<meta name=\"robots\" content=\"index, follow, max-snippet:-1, max-image-preview:large, max-video-preview:-1\" \/>\n<link rel=\"canonical\" href=\"https:\/\/testdepaternite.fr\/es\/producto\/test-de-gemellite\/\" \/>\n<meta property=\"og:locale\" content=\"es_ES\" \/>\n<meta property=\"og:type\" content=\"article\" \/>\n<meta property=\"og:title\" content=\"Test de g\u00e9mellit\u00e9 - Test de Paternit\u00e9\" \/>\n<meta property=\"og:description\" content=\"Doutes entre fr\u00e8res \/ s\u0153urs, peu importe la par sexe qui est cens\u00e9 partager la m\u00e8re  Le test d\u2019ADN par l\u2019analyse de l\u2019ADN mitochondrial permet de r\u00e9aliser une \u00e9tude entre fr\u00e8res et s\u0153urs et de r\u00e9soudre les doutes relatifs \u00e0 leur origine maternelle. L\u2019analyse de l\u2019ADN mitochondrial ne d\u00e9pend pas du sexe des participants.\" \/>\n<meta property=\"og:url\" content=\"https:\/\/testdepaternite.fr\/es\/producto\/test-de-gemellite\/\" \/>\n<meta property=\"og:site_name\" content=\"Test de Paternit\u00e9\" \/>\n<meta property=\"article:modified_time\" content=\"2024-10-11T10:46:34+00:00\" \/>\n<meta property=\"og:image\" content=\"https:\/\/testdepaternite.fr\/wp-content\/uploads\/2024\/06\/test-de-gemellite-e1729151638676.jpg\" \/>\n\t<meta property=\"og:image:width\" content=\"400\" \/>\n\t<meta property=\"og:image:height\" content=\"267\" \/>\n\t<meta property=\"og:image:type\" content=\"image\/jpeg\" \/>\n<meta name=\"twitter:card\" content=\"summary_large_image\" \/>\n<meta name=\"twitter:label1\" content=\"Tiempo de lectura\" \/>\n\t<meta name=\"twitter:data1\" content=\"1 minuto\" \/>\n<script type=\"application\/ld+json\" class=\"yoast-schema-graph\">{\"@context\":\"https:\/\/schema.org\",\"@graph\":[{\"@type\":\"WebPage\",\"@id\":\"https:\/\/testdepaternite.fr\/es\/producto\/test-de-gemellite\/\",\"url\":\"https:\/\/testdepaternite.fr\/es\/producto\/test-de-gemellite\/\",\"name\":\"Test de g\u00e9mellit\u00e9 - Test de Paternit\u00e9\",\"isPartOf\":{\"@id\":\"https:\/\/testdepaternite.fr\/es\/#website\"},\"primaryImageOfPage\":{\"@id\":\"https:\/\/testdepaternite.fr\/es\/producto\/test-de-gemellite\/#primaryimage\"},\"image\":{\"@id\":\"https:\/\/testdepaternite.fr\/es\/producto\/test-de-gemellite\/#primaryimage\"},\"thumbnailUrl\":\"https:\/\/testdepaternite.fr\/wp-content\/uploads\/2024\/06\/test-de-gemellite-e1729151638676.jpg\",\"datePublished\":\"2024-06-06T12:41:51+00:00\",\"dateModified\":\"2024-10-11T10:46:34+00:00\",\"breadcrumb\":{\"@id\":\"https:\/\/testdepaternite.fr\/es\/producto\/test-de-gemellite\/#breadcrumb\"},\"inLanguage\":\"es\",\"potentialAction\":[{\"@type\":\"ReadAction\",\"target\":[\"https:\/\/testdepaternite.fr\/es\/producto\/test-de-gemellite\/\"]}]},{\"@type\":\"ImageObject\",\"inLanguage\":\"es\",\"@id\":\"https:\/\/testdepaternite.fr\/es\/producto\/test-de-gemellite\/#primaryimage\",\"url\":\"https:\/\/testdepaternite.fr\/wp-content\/uploads\/2024\/06\/test-de-gemellite-e1729151638676.jpg\",\"contentUrl\":\"https:\/\/testdepaternite.fr\/wp-content\/uploads\/2024\/06\/test-de-gemellite-e1729151638676.jpg\",\"width\":400,\"height\":267},{\"@type\":\"BreadcrumbList\",\"@id\":\"https:\/\/testdepaternite.fr\/es\/producto\/test-de-gemellite\/#breadcrumb\",\"itemListElement\":[{\"@type\":\"ListItem\",\"position\":1,\"name\":\"Portada\",\"item\":\"https:\/\/testdepaternite.fr\/es\/inicio\/\"},{\"@type\":\"ListItem\",\"position\":2,\"name\":\"Pruebas disponibles\",\"item\":\"https:\/\/testdepaternite.fr\/es\/tienda\/\"},{\"@type\":\"ListItem\",\"position\":3,\"name\":\"Test de g\u00e9mellit\u00e9\"}]},{\"@type\":\"WebSite\",\"@id\":\"https:\/\/testdepaternite.fr\/es\/#website\",\"url\":\"https:\/\/testdepaternite.fr\/es\/\",\"name\":\"Test de Paternit\u00e9\",\"description\":\"\",\"potentialAction\":[{\"@type\":\"SearchAction\",\"target\":{\"@type\":\"EntryPoint\",\"urlTemplate\":\"https:\/\/testdepaternite.fr\/es\/?s={search_term_string}\"},\"query-input\":{\"@type\":\"PropertyValueSpecification\",\"valueRequired\":true,\"valueName\":\"search_term_string\"}}],\"inLanguage\":\"es\"}]}<\/script>\n<!-- \/ Yoast SEO plugin. -->","yoast_head_json":{"title":"Test de g\u00e9mellit\u00e9 - Test de Paternit\u00e9","robots":{"index":"index","follow":"follow","max-snippet":"max-snippet:-1","max-image-preview":"max-image-preview:large","max-video-preview":"max-video-preview:-1"},"canonical":"https:\/\/testdepaternite.fr\/es\/producto\/test-de-gemellite\/","og_locale":"es_ES","og_type":"article","og_title":"Test de g\u00e9mellit\u00e9 - Test de Paternit\u00e9","og_description":"Doutes entre fr\u00e8res \/ s\u0153urs, peu importe la par sexe qui est cens\u00e9 partager la m\u00e8re  Le test d\u2019ADN par l\u2019analyse de l\u2019ADN mitochondrial permet de r\u00e9aliser une \u00e9tude entre fr\u00e8res et s\u0153urs et de r\u00e9soudre les doutes relatifs \u00e0 leur origine maternelle. L\u2019analyse de l\u2019ADN mitochondrial ne d\u00e9pend pas du sexe des participants.","og_url":"https:\/\/testdepaternite.fr\/es\/producto\/test-de-gemellite\/","og_site_name":"Test de Paternit\u00e9","article_modified_time":"2024-10-11T10:46:34+00:00","og_image":[{"width":400,"height":267,"url":"https:\/\/testdepaternite.fr\/wp-content\/uploads\/2024\/06\/test-de-gemellite-e1729151638676.jpg","type":"image\/jpeg"}],"twitter_card":"summary_large_image","twitter_misc":{"Tiempo de lectura":"1 minuto"},"schema":{"@context":"https:\/\/schema.org","@graph":[{"@type":"WebPage","@id":"https:\/\/testdepaternite.fr\/es\/producto\/test-de-gemellite\/","url":"https:\/\/testdepaternite.fr\/es\/producto\/test-de-gemellite\/","name":"Test de g\u00e9mellit\u00e9 - Test de Paternit\u00e9","isPartOf":{"@id":"https:\/\/testdepaternite.fr\/es\/#website"},"primaryImageOfPage":{"@id":"https:\/\/testdepaternite.fr\/es\/producto\/test-de-gemellite\/#primaryimage"},"image":{"@id":"https:\/\/testdepaternite.fr\/es\/producto\/test-de-gemellite\/#primaryimage"},"thumbnailUrl":"https:\/\/testdepaternite.fr\/wp-content\/uploads\/2024\/06\/test-de-gemellite-e1729151638676.jpg","datePublished":"2024-06-06T12:41:51+00:00","dateModified":"2024-10-11T10:46:34+00:00","breadcrumb":{"@id":"https:\/\/testdepaternite.fr\/es\/producto\/test-de-gemellite\/#breadcrumb"},"inLanguage":"es","potentialAction":[{"@type":"ReadAction","target":["https:\/\/testdepaternite.fr\/es\/producto\/test-de-gemellite\/"]}]},{"@type":"ImageObject","inLanguage":"es","@id":"https:\/\/testdepaternite.fr\/es\/producto\/test-de-gemellite\/#primaryimage","url":"https:\/\/testdepaternite.fr\/wp-content\/uploads\/2024\/06\/test-de-gemellite-e1729151638676.jpg","contentUrl":"https:\/\/testdepaternite.fr\/wp-content\/uploads\/2024\/06\/test-de-gemellite-e1729151638676.jpg","width":400,"height":267},{"@type":"BreadcrumbList","@id":"https:\/\/testdepaternite.fr\/es\/producto\/test-de-gemellite\/#breadcrumb","itemListElement":[{"@type":"ListItem","position":1,"name":"Portada","item":"https:\/\/testdepaternite.fr\/es\/inicio\/"},{"@type":"ListItem","position":2,"name":"Pruebas disponibles","item":"https:\/\/testdepaternite.fr\/es\/tienda\/"},{"@type":"ListItem","position":3,"name":"Test de g\u00e9mellit\u00e9"}]},{"@type":"WebSite","@id":"https:\/\/testdepaternite.fr\/es\/#website","url":"https:\/\/testdepaternite.fr\/es\/","name":"Test de Paternit\u00e9","description":"","potentialAction":[{"@type":"SearchAction","target":{"@type":"EntryPoint","urlTemplate":"https:\/\/testdepaternite.fr\/es\/?s={search_term_string}"},"query-input":{"@type":"PropertyValueSpecification","valueRequired":true,"valueName":"search_term_string"}}],"inLanguage":"es"}]}},"_links":{"self":[{"href":"https:\/\/testdepaternite.fr\/es\/wp-json\/wp\/v2\/product\/152","targetHints":{"allow":["GET"]}}],"collection":[{"href":"https:\/\/testdepaternite.fr\/es\/wp-json\/wp\/v2\/product"}],"about":[{"href":"https:\/\/testdepaternite.fr\/es\/wp-json\/wp\/v2\/types\/product"}],"replies":[{"embeddable":true,"href":"https:\/\/testdepaternite.fr\/es\/wp-json\/wp\/v2\/comments?post=152"}],"wp:featuredmedia":[{"embeddable":true,"href":"https:\/\/testdepaternite.fr\/es\/wp-json\/wp\/v2\/media\/353"}],"wp:attachment":[{"href":"https:\/\/testdepaternite.fr\/es\/wp-json\/wp\/v2\/media?parent=152"}],"wp:term":[{"taxonomy":"product_brand","embeddable":true,"href":"https:\/\/testdepaternite.fr\/es\/wp-json\/wp\/v2\/product_brand?post=152"},{"taxonomy":"product_cat","embeddable":true,"href":"https:\/\/testdepaternite.fr\/es\/wp-json\/wp\/v2\/product_cat?post=152"},{"taxonomy":"product_tag","embeddable":true,"href":"https:\/\/testdepaternite.fr\/es\/wp-json\/wp\/v2\/product_tag?post=152"}],"curies":[{"name":"wp","href":"https:\/\/api.w.org\/{rel}","templated":true}]}}