{"id":151,"date":"2024-06-06T12:39:58","date_gmt":"2024-06-06T12:39:58","guid":{"rendered":"https:\/\/bold-taussig.217-160-227-206.plesk.page\/?post_type=product&#038;p=151"},"modified":"2024-10-11T10:47:03","modified_gmt":"2024-10-11T10:47:03","slug":"test-de-maternite","status":"publish","type":"product","link":"https:\/\/testdepaternite.fr\/es\/producto\/test-de-maternite\/","title":{"rendered":"Test de maternit\u00e9"},"content":{"rendered":"<p>Le <strong>test de maternit\u00e9<\/strong> se base sur la comparaison des profils g\u00e9n\u00e9tiques entre la m\u00e8re pr\u00e9sum\u00e9e et l\u2019enfant. Chaque individu h\u00e9rite d\u2019un all\u00e8le de chacun de ses parents et la comparaison permet de conna\u00eetre avec une totale certitude, si la m\u00e8re pr\u00e9sum\u00e9e que nous analysons est r\u00e9ellement la m\u00e8re biologique.<\/p>\n<p>S\u2019il est impossible d\u2019obtenir des <strong>\u00e9chantillons standard<\/strong> (\u00e9couvillon buccal), nous pouvons utiliser des <strong>\u00e9chantillons non standard<\/strong>, comme :\u00a0 mucosit\u00e9s nasales, m\u00e9got, ongles, brosse \u00e0 dents, tache de sang, coton-tige de nettoyage des oreilles cire d\u2019oreille, cheveux avec racine, entre autres. Vous pouvez demander \u00e0 nos techniciens plus d\u2019options pour les \u00e9chantillons \u00e0 analyser.<\/p>\n<p><strong>Les r\u00e9sultats sont pr\u00e9cis<\/strong>. Vous recevrez votre rapport de r\u00e9sultats dans un d\u00e9lai de <strong>3 \u00e0 5 jours ouvrables<\/strong> \u00e0 r\u00e9ception des \u00e9chantillons. La fiabilit\u00e9 du test est de 100% dans les cas n\u00e9gatifs et dans les cas positifs peut \u00eatre sup\u00e9rieur \u00e0 99,99\u00a0%.<\/p>\n","protected":false},"excerpt":{"rendered":"<p>Le test d\u2019ADN de maternit\u00e9, \u00e0 l\u2019instar de celui de paternit\u00e9, permet de savoir de fa\u00e7on TOTALEMENT fiable qui est la m\u00e8re biologique d\u2019un enfant.<\/p>\n<p>Tout individu re\u00e7oit la moiti\u00e9 de son mat\u00e9riel g\u00e9n\u00e9tique (ADN) de sa m\u00e8re et l\u2019autre moiti\u00e9 de son p\u00e8re. Cela permet de savoir de fa\u00e7on certaine qui sont nos parents.<\/p>\n","protected":false},"featured_media":354,"comment_status":"closed","ping_status":"closed","template":"","meta":[],"product_brand":[],"product_cat":[18],"product_tag":[],"class_list":{"0":"post-151","1":"product","2":"type-product","3":"status-publish","4":"has-post-thumbnail","6":"product_cat-tests","8":"first","9":"instock","10":"shipping-taxable","11":"purchasable","12":"product-type-simple"},"yoast_head":"<!-- This site is optimized with the Yoast SEO plugin v25.8 - https:\/\/yoast.com\/wordpress\/plugins\/seo\/ -->\n<title>Test de maternit\u00e9 - Test de Paternit\u00e9<\/title>\n<meta name=\"robots\" content=\"index, follow, max-snippet:-1, max-image-preview:large, max-video-preview:-1\" \/>\n<link rel=\"canonical\" href=\"https:\/\/testdepaternite.fr\/es\/producto\/test-de-maternite\/\" \/>\n<meta property=\"og:locale\" content=\"es_ES\" \/>\n<meta property=\"og:type\" content=\"article\" \/>\n<meta property=\"og:title\" content=\"Test de maternit\u00e9 - Test de Paternit\u00e9\" \/>\n<meta property=\"og:description\" content=\"Le test d\u2019ADN de maternit\u00e9, \u00e0 l\u2019instar de celui de paternit\u00e9, permet de savoir de fa\u00e7on TOTALEMENT fiable qui est la m\u00e8re biologique d\u2019un enfant.  Tout individu re\u00e7oit la moiti\u00e9 de son mat\u00e9riel g\u00e9n\u00e9tique (ADN) de sa m\u00e8re et l\u2019autre moiti\u00e9 de son p\u00e8re. Cela permet de savoir de fa\u00e7on certaine qui sont nos parents.\" \/>\n<meta property=\"og:url\" content=\"https:\/\/testdepaternite.fr\/es\/producto\/test-de-maternite\/\" \/>\n<meta property=\"og:site_name\" content=\"Test de Paternit\u00e9\" \/>\n<meta property=\"article:modified_time\" content=\"2024-10-11T10:47:03+00:00\" \/>\n<meta property=\"og:image\" content=\"https:\/\/testdepaternite.fr\/wp-content\/uploads\/2024\/06\/test-de-maternite.jpg\" \/>\n\t<meta property=\"og:image:width\" content=\"400\" \/>\n\t<meta property=\"og:image:height\" content=\"267\" \/>\n\t<meta property=\"og:image:type\" content=\"image\/jpeg\" \/>\n<meta name=\"twitter:card\" content=\"summary_large_image\" \/>\n<meta name=\"twitter:label1\" content=\"Tiempo de lectura\" \/>\n\t<meta name=\"twitter:data1\" content=\"1 minuto\" \/>\n<script type=\"application\/ld+json\" class=\"yoast-schema-graph\">{\"@context\":\"https:\/\/schema.org\",\"@graph\":[{\"@type\":\"WebPage\",\"@id\":\"https:\/\/testdepaternite.fr\/es\/producto\/test-de-maternite\/\",\"url\":\"https:\/\/testdepaternite.fr\/es\/producto\/test-de-maternite\/\",\"name\":\"Test de maternit\u00e9 - Test de Paternit\u00e9\",\"isPartOf\":{\"@id\":\"https:\/\/testdepaternite.fr\/es\/#website\"},\"primaryImageOfPage\":{\"@id\":\"https:\/\/testdepaternite.fr\/es\/producto\/test-de-maternite\/#primaryimage\"},\"image\":{\"@id\":\"https:\/\/testdepaternite.fr\/es\/producto\/test-de-maternite\/#primaryimage\"},\"thumbnailUrl\":\"https:\/\/testdepaternite.fr\/wp-content\/uploads\/2024\/06\/test-de-maternite.jpg\",\"datePublished\":\"2024-06-06T12:39:58+00:00\",\"dateModified\":\"2024-10-11T10:47:03+00:00\",\"breadcrumb\":{\"@id\":\"https:\/\/testdepaternite.fr\/es\/producto\/test-de-maternite\/#breadcrumb\"},\"inLanguage\":\"es\",\"potentialAction\":[{\"@type\":\"ReadAction\",\"target\":[\"https:\/\/testdepaternite.fr\/es\/producto\/test-de-maternite\/\"]}]},{\"@type\":\"ImageObject\",\"inLanguage\":\"es\",\"@id\":\"https:\/\/testdepaternite.fr\/es\/producto\/test-de-maternite\/#primaryimage\",\"url\":\"https:\/\/testdepaternite.fr\/wp-content\/uploads\/2024\/06\/test-de-maternite.jpg\",\"contentUrl\":\"https:\/\/testdepaternite.fr\/wp-content\/uploads\/2024\/06\/test-de-maternite.jpg\",\"width\":400,\"height\":267},{\"@type\":\"BreadcrumbList\",\"@id\":\"https:\/\/testdepaternite.fr\/es\/producto\/test-de-maternite\/#breadcrumb\",\"itemListElement\":[{\"@type\":\"ListItem\",\"position\":1,\"name\":\"Portada\",\"item\":\"https:\/\/testdepaternite.fr\/es\/inicio\/\"},{\"@type\":\"ListItem\",\"position\":2,\"name\":\"Pruebas disponibles\",\"item\":\"https:\/\/testdepaternite.fr\/es\/tienda\/\"},{\"@type\":\"ListItem\",\"position\":3,\"name\":\"Test de maternit\u00e9\"}]},{\"@type\":\"WebSite\",\"@id\":\"https:\/\/testdepaternite.fr\/es\/#website\",\"url\":\"https:\/\/testdepaternite.fr\/es\/\",\"name\":\"Test de Paternit\u00e9\",\"description\":\"\",\"potentialAction\":[{\"@type\":\"SearchAction\",\"target\":{\"@type\":\"EntryPoint\",\"urlTemplate\":\"https:\/\/testdepaternite.fr\/es\/?s={search_term_string}\"},\"query-input\":{\"@type\":\"PropertyValueSpecification\",\"valueRequired\":true,\"valueName\":\"search_term_string\"}}],\"inLanguage\":\"es\"}]}<\/script>\n<!-- \/ Yoast SEO plugin. -->","yoast_head_json":{"title":"Test de maternit\u00e9 - Test de Paternit\u00e9","robots":{"index":"index","follow":"follow","max-snippet":"max-snippet:-1","max-image-preview":"max-image-preview:large","max-video-preview":"max-video-preview:-1"},"canonical":"https:\/\/testdepaternite.fr\/es\/producto\/test-de-maternite\/","og_locale":"es_ES","og_type":"article","og_title":"Test de maternit\u00e9 - Test de Paternit\u00e9","og_description":"Le test d\u2019ADN de maternit\u00e9, \u00e0 l\u2019instar de celui de paternit\u00e9, permet de savoir de fa\u00e7on TOTALEMENT fiable qui est la m\u00e8re biologique d\u2019un enfant.  Tout individu re\u00e7oit la moiti\u00e9 de son mat\u00e9riel g\u00e9n\u00e9tique (ADN) de sa m\u00e8re et l\u2019autre moiti\u00e9 de son p\u00e8re. Cela permet de savoir de fa\u00e7on certaine qui sont nos parents.","og_url":"https:\/\/testdepaternite.fr\/es\/producto\/test-de-maternite\/","og_site_name":"Test de Paternit\u00e9","article_modified_time":"2024-10-11T10:47:03+00:00","og_image":[{"width":400,"height":267,"url":"https:\/\/testdepaternite.fr\/wp-content\/uploads\/2024\/06\/test-de-maternite.jpg","type":"image\/jpeg"}],"twitter_card":"summary_large_image","twitter_misc":{"Tiempo de lectura":"1 minuto"},"schema":{"@context":"https:\/\/schema.org","@graph":[{"@type":"WebPage","@id":"https:\/\/testdepaternite.fr\/es\/producto\/test-de-maternite\/","url":"https:\/\/testdepaternite.fr\/es\/producto\/test-de-maternite\/","name":"Test de maternit\u00e9 - Test de Paternit\u00e9","isPartOf":{"@id":"https:\/\/testdepaternite.fr\/es\/#website"},"primaryImageOfPage":{"@id":"https:\/\/testdepaternite.fr\/es\/producto\/test-de-maternite\/#primaryimage"},"image":{"@id":"https:\/\/testdepaternite.fr\/es\/producto\/test-de-maternite\/#primaryimage"},"thumbnailUrl":"https:\/\/testdepaternite.fr\/wp-content\/uploads\/2024\/06\/test-de-maternite.jpg","datePublished":"2024-06-06T12:39:58+00:00","dateModified":"2024-10-11T10:47:03+00:00","breadcrumb":{"@id":"https:\/\/testdepaternite.fr\/es\/producto\/test-de-maternite\/#breadcrumb"},"inLanguage":"es","potentialAction":[{"@type":"ReadAction","target":["https:\/\/testdepaternite.fr\/es\/producto\/test-de-maternite\/"]}]},{"@type":"ImageObject","inLanguage":"es","@id":"https:\/\/testdepaternite.fr\/es\/producto\/test-de-maternite\/#primaryimage","url":"https:\/\/testdepaternite.fr\/wp-content\/uploads\/2024\/06\/test-de-maternite.jpg","contentUrl":"https:\/\/testdepaternite.fr\/wp-content\/uploads\/2024\/06\/test-de-maternite.jpg","width":400,"height":267},{"@type":"BreadcrumbList","@id":"https:\/\/testdepaternite.fr\/es\/producto\/test-de-maternite\/#breadcrumb","itemListElement":[{"@type":"ListItem","position":1,"name":"Portada","item":"https:\/\/testdepaternite.fr\/es\/inicio\/"},{"@type":"ListItem","position":2,"name":"Pruebas disponibles","item":"https:\/\/testdepaternite.fr\/es\/tienda\/"},{"@type":"ListItem","position":3,"name":"Test de maternit\u00e9"}]},{"@type":"WebSite","@id":"https:\/\/testdepaternite.fr\/es\/#website","url":"https:\/\/testdepaternite.fr\/es\/","name":"Test de Paternit\u00e9","description":"","potentialAction":[{"@type":"SearchAction","target":{"@type":"EntryPoint","urlTemplate":"https:\/\/testdepaternite.fr\/es\/?s={search_term_string}"},"query-input":{"@type":"PropertyValueSpecification","valueRequired":true,"valueName":"search_term_string"}}],"inLanguage":"es"}]}},"_links":{"self":[{"href":"https:\/\/testdepaternite.fr\/es\/wp-json\/wp\/v2\/product\/151","targetHints":{"allow":["GET"]}}],"collection":[{"href":"https:\/\/testdepaternite.fr\/es\/wp-json\/wp\/v2\/product"}],"about":[{"href":"https:\/\/testdepaternite.fr\/es\/wp-json\/wp\/v2\/types\/product"}],"replies":[{"embeddable":true,"href":"https:\/\/testdepaternite.fr\/es\/wp-json\/wp\/v2\/comments?post=151"}],"wp:featuredmedia":[{"embeddable":true,"href":"https:\/\/testdepaternite.fr\/es\/wp-json\/wp\/v2\/media\/354"}],"wp:attachment":[{"href":"https:\/\/testdepaternite.fr\/es\/wp-json\/wp\/v2\/media?parent=151"}],"wp:term":[{"taxonomy":"product_brand","embeddable":true,"href":"https:\/\/testdepaternite.fr\/es\/wp-json\/wp\/v2\/product_brand?post=151"},{"taxonomy":"product_cat","embeddable":true,"href":"https:\/\/testdepaternite.fr\/es\/wp-json\/wp\/v2\/product_cat?post=151"},{"taxonomy":"product_tag","embeddable":true,"href":"https:\/\/testdepaternite.fr\/es\/wp-json\/wp\/v2\/product_tag?post=151"}],"curies":[{"name":"wp","href":"https:\/\/api.w.org\/{rel}","templated":true}]}}