{"id":150,"date":"2024-06-06T12:18:32","date_gmt":"2024-06-06T12:18:32","guid":{"rendered":"https:\/\/bold-taussig.217-160-227-206.plesk.page\/?post_type=product&#038;p=150"},"modified":"2024-10-11T10:47:43","modified_gmt":"2024-10-11T10:47:43","slug":"test-identification-genetique","status":"publish","type":"product","link":"https:\/\/testdepaternite.fr\/es\/producto\/test-identification-genetique\/","title":{"rendered":"Test identification genetique"},"content":{"rendered":"<p><strong>L\u2019identification g\u00e9n\u00e9tique<\/strong> ou le profil g\u00e9n\u00e9tique est un <strong>code-barres g\u00e9n\u00e9tique unique pour chaque personne<\/strong> et immuable au fil des ann\u00e9es.<\/p>\n<p><strong>Les r\u00e9sultats sont pr\u00e9cis<\/strong>. Vous recevrez votre rapport de r\u00e9sultats dans un d\u00e9lai de <strong>3 \u00e0 5 jours ouvrables<\/strong> \u00e0 r\u00e9ception des \u00e9chantillons. La fiabilit\u00e9 du test peut \u00eatre sup\u00e9rieur \u00e0 99,99\u00a0%.<\/p>\n<p>Actuellement, cette application est largement utilis\u00e9e par les familles adoptives. De plus, le profil ADN permet d&#8217;identifier des victimes d&#8217;accidents graves lorsque l&#8217;identification du corps est autrement impossible.<\/p>\n","protected":false},"excerpt":{"rendered":"<p>Le\u00a0<strong>test de paternit\u00e9<\/strong>\u00a0vous permet d\u2019\u00e9tablir g\u00e9n\u00e9tiquement un lien de filiation entre un enfant et son p\u00e8re pr\u00e9sum\u00e9 apr\u00e8s la naissance \u00e0 partir d\u2019\u00e9chantillons buccaux ou non-buccaux. Vous b\u00e9n\u00e9ficiez du service instant notification qui vous permettra de suivre en temps r\u00e9el le suivi de votre analyse par SMS et email.<\/p>\n","protected":false},"featured_media":355,"comment_status":"closed","ping_status":"closed","template":"","meta":[],"product_brand":[],"product_cat":[18],"product_tag":[],"class_list":{"0":"post-150","1":"product","2":"type-product","3":"status-publish","4":"has-post-thumbnail","6":"product_cat-tests","8":"first","9":"instock","10":"shipping-taxable","11":"purchasable","12":"product-type-simple"},"yoast_head":"<!-- This site is optimized with the Yoast SEO plugin v25.8 - https:\/\/yoast.com\/wordpress\/plugins\/seo\/ -->\n<title>Test identification genetique - Test de Paternit\u00e9<\/title>\n<meta name=\"robots\" content=\"index, follow, max-snippet:-1, max-image-preview:large, max-video-preview:-1\" \/>\n<link rel=\"canonical\" href=\"https:\/\/testdepaternite.fr\/es\/producto\/test-identification-genetique\/\" \/>\n<meta property=\"og:locale\" content=\"es_ES\" \/>\n<meta property=\"og:type\" content=\"article\" \/>\n<meta property=\"og:title\" content=\"Test identification genetique - Test de Paternit\u00e9\" \/>\n<meta property=\"og:description\" content=\"Le\u00a0test de paternit\u00e9\u00a0vous permet d\u2019\u00e9tablir g\u00e9n\u00e9tiquement un lien de filiation entre un enfant et son p\u00e8re pr\u00e9sum\u00e9 apr\u00e8s la naissance \u00e0 partir d\u2019\u00e9chantillons buccaux ou non-buccaux. Vous b\u00e9n\u00e9ficiez du service instant notification qui vous permettra de suivre en temps r\u00e9el le suivi de votre analyse par SMS et email.\" \/>\n<meta property=\"og:url\" content=\"https:\/\/testdepaternite.fr\/es\/producto\/test-identification-genetique\/\" \/>\n<meta property=\"og:site_name\" content=\"Test de Paternit\u00e9\" \/>\n<meta property=\"article:modified_time\" content=\"2024-10-11T10:47:43+00:00\" \/>\n<meta property=\"og:image\" content=\"https:\/\/testdepaternite.fr\/wp-content\/uploads\/2024\/06\/test-identification-genetique.jpg\" \/>\n\t<meta property=\"og:image:width\" content=\"400\" \/>\n\t<meta property=\"og:image:height\" content=\"267\" \/>\n\t<meta property=\"og:image:type\" content=\"image\/jpeg\" \/>\n<meta name=\"twitter:card\" content=\"summary_large_image\" \/>\n<script type=\"application\/ld+json\" class=\"yoast-schema-graph\">{\"@context\":\"https:\/\/schema.org\",\"@graph\":[{\"@type\":\"WebPage\",\"@id\":\"https:\/\/testdepaternite.fr\/es\/producto\/test-identification-genetique\/\",\"url\":\"https:\/\/testdepaternite.fr\/es\/producto\/test-identification-genetique\/\",\"name\":\"Test identification genetique - Test de Paternit\u00e9\",\"isPartOf\":{\"@id\":\"https:\/\/testdepaternite.fr\/es\/#website\"},\"primaryImageOfPage\":{\"@id\":\"https:\/\/testdepaternite.fr\/es\/producto\/test-identification-genetique\/#primaryimage\"},\"image\":{\"@id\":\"https:\/\/testdepaternite.fr\/es\/producto\/test-identification-genetique\/#primaryimage\"},\"thumbnailUrl\":\"https:\/\/testdepaternite.fr\/wp-content\/uploads\/2024\/06\/test-identification-genetique.jpg\",\"datePublished\":\"2024-06-06T12:18:32+00:00\",\"dateModified\":\"2024-10-11T10:47:43+00:00\",\"breadcrumb\":{\"@id\":\"https:\/\/testdepaternite.fr\/es\/producto\/test-identification-genetique\/#breadcrumb\"},\"inLanguage\":\"es\",\"potentialAction\":[{\"@type\":\"ReadAction\",\"target\":[\"https:\/\/testdepaternite.fr\/es\/producto\/test-identification-genetique\/\"]}]},{\"@type\":\"ImageObject\",\"inLanguage\":\"es\",\"@id\":\"https:\/\/testdepaternite.fr\/es\/producto\/test-identification-genetique\/#primaryimage\",\"url\":\"https:\/\/testdepaternite.fr\/wp-content\/uploads\/2024\/06\/test-identification-genetique.jpg\",\"contentUrl\":\"https:\/\/testdepaternite.fr\/wp-content\/uploads\/2024\/06\/test-identification-genetique.jpg\",\"width\":400,\"height\":267},{\"@type\":\"BreadcrumbList\",\"@id\":\"https:\/\/testdepaternite.fr\/es\/producto\/test-identification-genetique\/#breadcrumb\",\"itemListElement\":[{\"@type\":\"ListItem\",\"position\":1,\"name\":\"Portada\",\"item\":\"https:\/\/testdepaternite.fr\/es\/inicio\/\"},{\"@type\":\"ListItem\",\"position\":2,\"name\":\"Pruebas disponibles\",\"item\":\"https:\/\/testdepaternite.fr\/es\/tienda\/\"},{\"@type\":\"ListItem\",\"position\":3,\"name\":\"Test identification genetique\"}]},{\"@type\":\"WebSite\",\"@id\":\"https:\/\/testdepaternite.fr\/es\/#website\",\"url\":\"https:\/\/testdepaternite.fr\/es\/\",\"name\":\"Test de Paternit\u00e9\",\"description\":\"\",\"potentialAction\":[{\"@type\":\"SearchAction\",\"target\":{\"@type\":\"EntryPoint\",\"urlTemplate\":\"https:\/\/testdepaternite.fr\/es\/?s={search_term_string}\"},\"query-input\":{\"@type\":\"PropertyValueSpecification\",\"valueRequired\":true,\"valueName\":\"search_term_string\"}}],\"inLanguage\":\"es\"}]}<\/script>\n<!-- \/ Yoast SEO plugin. -->","yoast_head_json":{"title":"Test identification genetique - Test de Paternit\u00e9","robots":{"index":"index","follow":"follow","max-snippet":"max-snippet:-1","max-image-preview":"max-image-preview:large","max-video-preview":"max-video-preview:-1"},"canonical":"https:\/\/testdepaternite.fr\/es\/producto\/test-identification-genetique\/","og_locale":"es_ES","og_type":"article","og_title":"Test identification genetique - Test de Paternit\u00e9","og_description":"Le\u00a0test de paternit\u00e9\u00a0vous permet d\u2019\u00e9tablir g\u00e9n\u00e9tiquement un lien de filiation entre un enfant et son p\u00e8re pr\u00e9sum\u00e9 apr\u00e8s la naissance \u00e0 partir d\u2019\u00e9chantillons buccaux ou non-buccaux. Vous b\u00e9n\u00e9ficiez du service instant notification qui vous permettra de suivre en temps r\u00e9el le suivi de votre analyse par SMS et email.","og_url":"https:\/\/testdepaternite.fr\/es\/producto\/test-identification-genetique\/","og_site_name":"Test de Paternit\u00e9","article_modified_time":"2024-10-11T10:47:43+00:00","og_image":[{"width":400,"height":267,"url":"https:\/\/testdepaternite.fr\/wp-content\/uploads\/2024\/06\/test-identification-genetique.jpg","type":"image\/jpeg"}],"twitter_card":"summary_large_image","schema":{"@context":"https:\/\/schema.org","@graph":[{"@type":"WebPage","@id":"https:\/\/testdepaternite.fr\/es\/producto\/test-identification-genetique\/","url":"https:\/\/testdepaternite.fr\/es\/producto\/test-identification-genetique\/","name":"Test identification genetique - Test de Paternit\u00e9","isPartOf":{"@id":"https:\/\/testdepaternite.fr\/es\/#website"},"primaryImageOfPage":{"@id":"https:\/\/testdepaternite.fr\/es\/producto\/test-identification-genetique\/#primaryimage"},"image":{"@id":"https:\/\/testdepaternite.fr\/es\/producto\/test-identification-genetique\/#primaryimage"},"thumbnailUrl":"https:\/\/testdepaternite.fr\/wp-content\/uploads\/2024\/06\/test-identification-genetique.jpg","datePublished":"2024-06-06T12:18:32+00:00","dateModified":"2024-10-11T10:47:43+00:00","breadcrumb":{"@id":"https:\/\/testdepaternite.fr\/es\/producto\/test-identification-genetique\/#breadcrumb"},"inLanguage":"es","potentialAction":[{"@type":"ReadAction","target":["https:\/\/testdepaternite.fr\/es\/producto\/test-identification-genetique\/"]}]},{"@type":"ImageObject","inLanguage":"es","@id":"https:\/\/testdepaternite.fr\/es\/producto\/test-identification-genetique\/#primaryimage","url":"https:\/\/testdepaternite.fr\/wp-content\/uploads\/2024\/06\/test-identification-genetique.jpg","contentUrl":"https:\/\/testdepaternite.fr\/wp-content\/uploads\/2024\/06\/test-identification-genetique.jpg","width":400,"height":267},{"@type":"BreadcrumbList","@id":"https:\/\/testdepaternite.fr\/es\/producto\/test-identification-genetique\/#breadcrumb","itemListElement":[{"@type":"ListItem","position":1,"name":"Portada","item":"https:\/\/testdepaternite.fr\/es\/inicio\/"},{"@type":"ListItem","position":2,"name":"Pruebas disponibles","item":"https:\/\/testdepaternite.fr\/es\/tienda\/"},{"@type":"ListItem","position":3,"name":"Test identification genetique"}]},{"@type":"WebSite","@id":"https:\/\/testdepaternite.fr\/es\/#website","url":"https:\/\/testdepaternite.fr\/es\/","name":"Test de Paternit\u00e9","description":"","potentialAction":[{"@type":"SearchAction","target":{"@type":"EntryPoint","urlTemplate":"https:\/\/testdepaternite.fr\/es\/?s={search_term_string}"},"query-input":{"@type":"PropertyValueSpecification","valueRequired":true,"valueName":"search_term_string"}}],"inLanguage":"es"}]}},"_links":{"self":[{"href":"https:\/\/testdepaternite.fr\/es\/wp-json\/wp\/v2\/product\/150","targetHints":{"allow":["GET"]}}],"collection":[{"href":"https:\/\/testdepaternite.fr\/es\/wp-json\/wp\/v2\/product"}],"about":[{"href":"https:\/\/testdepaternite.fr\/es\/wp-json\/wp\/v2\/types\/product"}],"replies":[{"embeddable":true,"href":"https:\/\/testdepaternite.fr\/es\/wp-json\/wp\/v2\/comments?post=150"}],"wp:featuredmedia":[{"embeddable":true,"href":"https:\/\/testdepaternite.fr\/es\/wp-json\/wp\/v2\/media\/355"}],"wp:attachment":[{"href":"https:\/\/testdepaternite.fr\/es\/wp-json\/wp\/v2\/media?parent=150"}],"wp:term":[{"taxonomy":"product_brand","embeddable":true,"href":"https:\/\/testdepaternite.fr\/es\/wp-json\/wp\/v2\/product_brand?post=150"},{"taxonomy":"product_cat","embeddable":true,"href":"https:\/\/testdepaternite.fr\/es\/wp-json\/wp\/v2\/product_cat?post=150"},{"taxonomy":"product_tag","embeddable":true,"href":"https:\/\/testdepaternite.fr\/es\/wp-json\/wp\/v2\/product_tag?post=150"}],"curies":[{"name":"wp","href":"https:\/\/api.w.org\/{rel}","templated":true}]}}