{"id":676,"date":"2024-09-02T07:33:49","date_gmt":"2024-09-02T07:33:49","guid":{"rendered":"https:\/\/testdepaternite.fr\/legal\/"},"modified":"2024-10-28T10:49:04","modified_gmt":"2024-10-28T10:49:04","slug":"legal","status":"publish","type":"page","link":"https:\/\/testdepaternite.fr\/es\/legal\/","title":{"rendered":"Legal"},"content":{"rendered":"\n<p>Lea atentamente los t\u00e9rminos y condiciones aplicables al an\u00e1lisis de NEODIAGNOSTICA, S.L. Pueden ser un poco diferentes cuando se refieren a ciertos an\u00e1lisis, en estos casos la forma para el propio an\u00e1lisis implica sus condiciones particulares. <\/p>\n\n<p>Estas condiciones son aplicables a todos los pedidos realizados en el laboratorio.<\/p>\n\n<p>1: Los participantes expresaron conocimiento de la efectividad del an\u00e1lisis en el momento actual, y muestran conocer y aceptar el costo econ\u00f3mico del an\u00e1lisis solicitado. La aplicaci\u00f3n del an\u00e1lisis se realiza por escrito. Estas pruebas pueden ser informativas o judiciales.  <\/p>\n\n<p>2: Existen dos tipos de pruebas en funci\u00f3n de su utilidad:<\/p>\n\n<p>INFORMACI\u00d3N DE LA PRUEBA. Los participantes expresaron conocimiento de las necesidades de informaci\u00f3n de estas pruebas de ADN. Los resultados y conclusiones no podr\u00e1n, en ning\u00fan momento ni bajo ninguna circunstancia, ser utilizados como prueba en la administraci\u00f3n de justicia o en los tribunales.  <\/p>\n\n<p>PRUEBAS JUDICIALES. Los participantes expresaron su conocimiento de las posibles implicaciones jur\u00eddicas de los resultados de estas pruebas, cuyos resultados son vinculantes para sus identidades. <\/p>\n\n<p>3: Pruebas de correo. El solicitante es responsable de obtener las muestras correctas y asume el consentimiento de los participantes. El cliente tambi\u00e9n es el \u00fanico responsable de las consecuencias legales y morales del muestreo.  <\/p>\n\n<p>4: En pruebas informativas. El laboratorio llevar\u00e1 a cabo la toma de muestras de los participantes. Los participantes dan su consentimiento expreso a las pruebas. No se solicitar\u00e1n datos personales y la responsabilidad de la aplicaci\u00f3n de las pruebas ser\u00e1 asumida por el solicitante de las mismas. El solicitante es responsable del consentimiento de los participantes.    <\/p>\n\n<p>5: En pruebas forenses. Los participantes dan su consentimiento y autorizan a NEODIAGNOSTICA, S.L. a proceder a la recogida de muestras. En el caso de menores de edad, la autorizaci\u00f3n se realiza por el representante legal. Este consentimiento y autorizaci\u00f3n se hace extensivo a NEODIAGNOSTICA ACREDITADA, S.L. para la realizaci\u00f3n de muestreos biol\u00f3gicos en laboratorios.   <\/p>\n\n<p>6: El solicitante reconoce y acepta el coste econ\u00f3mico del an\u00e1lisis solicitado. Estas condiciones son v\u00e1lidas durante 60 d\u00edas a partir de la fecha de presentaci\u00f3n de este formulario. <\/p>\n\n<p>7: Las pruebas realizadas: El cliente acepta que los resultados de estos an\u00e1lisis son \u00fanicamente y en ning\u00fan caso con fines informativos pueden ser utilizados con fines legales.<\/p>\n\n<p>8: En los juicios forenses: Los participantes expresaron conocimiento de las posibles implicaciones legales de los resultados de estas pruebas, cuyos resultados son vinculantes para sus identidades.<\/p>\n\n<p>9: Las muestras se identificar\u00e1n nominalmente (con nombre) cuando se realice el diagn\u00f3stico forense o cl\u00ednico. Por el contrario, en el caso de las pruebas de ADN con fines informativos solo se utilizar\u00e1n las categor\u00edas de padre, madre, hijo o muestra; en lugar de nombres completos. <\/p>\n\n<p>10: NEODIAGNOSTICA, S.L. mantendr\u00e1 toda la informaci\u00f3n recibida y los resultados de los an\u00e1lisis bajo un estricto control de confidencialidad; En ning\u00fan caso se transmiten a terceros no autorizados.<\/p>\n\n<p>11: NEODIAGNOSTICA, S.L. cumple con el art\u00edculo 5 de la Ley Org\u00e1nica 15\/1999, de 13 de diciembre, de Protecci\u00f3n de Datos. Los datos personales recogidos en este formulario y en los resultados de los an\u00e1lisis formar\u00e1n parte de un fichero automatizado, titularidad de NEODIAGNOSTICA, SL. La finalidad del fichero es \u00fanicamente la gesti\u00f3n del cliente, ajustando los l\u00edmites y derechos de esta ley. NEODIAGNOSTICA, cancelar\u00e1 S.L. los datos personales de la base de datos cuando hayan dejado de ser necesarios para los fines para los que se obtuvieron. NEODIAGNOSTICA, S.L. no ceder\u00e1, en ning\u00fan caso, los datos a terceros sin el previo consentimiento del cliente. El cliente podr\u00e1 en cualquier momento y de forma gratuita, ejercitar sus derechos de acceso, rectificaci\u00f3n, cancelaci\u00f3n y oposici\u00f3n sobre los datos obtenidos dirigi\u00e9ndose por escrito a NEODIAGNOSTICA, S.L., Av. Prat de la Riba, 57, 25004 Lleida.      <\/p>\n\n<p>12: Transcurrido un mes desde la publicaci\u00f3n del informe de resultados, se proceder\u00e1 a la destrucci\u00f3n de las muestras biol\u00f3gicas recibidas y del ADN obtenido. La documentaci\u00f3n recibida se conservar\u00e1 durante un periodo m\u00ednimo de 5 a\u00f1os; Transcurrido este plazo por NEODIAGNOSTICA, S.L. se reserva el derecho a la destrucci\u00f3n parcial o total. <\/p>\n\n<p>En la prueba del tribunal: NEODIAGNOSTICA, S.L. permanece en custodia en sus instalaciones, documentaci\u00f3n recibida, muestras biol\u00f3gicas recibidas, resultados obtenidos e informe durante un periodo m\u00ednimo de 10 a\u00f1os. Transcurrido este plazo por NEODIAGNOSTICA, S.L. se reserva el derecho a la destrucci\u00f3n parcial o total. <\/p>\n\n<p>13: Todas las solicitudes deber\u00e1n realizarse en el plazo de un mes desde la publicaci\u00f3n de la publicaci\u00f3n de los resultados, transcurrido este plazo NEODIAGNOSTICA, S.L. no aceptar\u00e1 la respuesta de los resultados.<\/p>\n\n<p>14: NEODIAGNOSTICA, S.L. se compromete a entregar los resultados de las pruebas de filiaci\u00f3n (paternidad, maternidad, fraternidad) en un plazo m\u00e1ximo de dos semanas, salvo por causas no imputables a retrasos organizativos propios. Normalmente, los resultados ser\u00e1n de 3 a 5 d\u00edas despu\u00e9s de recibir las muestras. <\/p>\n\n<p>Otros plazos de pruebas gen\u00e9ticas tienen resultados diferentes que se especifican en cada formulario de solicitud.<\/p>\n\n<p>15: NEODIAGNOSTICA, S.L. realizar\u00e1 el an\u00e1lisis cuando se haya realizado el pago completo.<\/p>\n\n<p>16: NEODIAGNOSTICA, S.L. no se hace responsable de ning\u00fan da\u00f1o moral, psicol\u00f3gico, \u00e9tico, personal o emocional que puedan causar los resultados de estas pruebas.<\/p>\n\n<p>17: NEODIAGNOSTICA, S.L. se reserva el derecho de enviar el material gen\u00e9tico de los participantes (correctamente codificado manteniendo el anonimato de la muestra) a otro laboratorio nacional u otro, con el \u00fanico fin de confirmar los resultados finales.<\/p>\n\n<p>18: El solicitante podr\u00e1 anular los an\u00e1lisis facilitados previa solicitud antes del inicio del proceso de an\u00e1lisis. En este caso, le devolveremos el importe pagado, menos los costes administrativos incurridos en la tramitaci\u00f3n de la solicitud. <\/p>\n\n<p>19: NEODIAGNOSTICA, S.L. podr\u00e1 rechazar o cancelar cualquier pedido sin asumir responsabilidad alguna por ello incluso despu\u00e9s de recibir el material biol\u00f3gico a analizar. En este caso NEODIAGNOSTICA, S.L. se compromete a retirar o devolver el material recibido y a su vez a reembolsar \u00edntegramente todos los pagos realizados en el momento de la cancelaci\u00f3n de la receta; costos administrativos incurridos hasta la fecha. <\/p>\n\n<p>20: En caso de litigio, ambas partes se someten a la jurisdicci\u00f3n de los juzgados y tribunales de Lleida (Espa\u00f1a).<\/p>\n\n<p>21: Al firmar la solicitud a los participantes del an\u00e1lisis entienden y aceptan todas las condiciones contenidas en la misma, y autorizan a NEODIAGNOSTICA, S.L. a utilizar el material biol\u00f3gico para realizar las pruebas de ADN solicitadas por t\u00e9cnicas de biolog\u00eda molecular.<\/p>\n\n<p>22: Toda la informaci\u00f3n contenida en este sitio web es propiedad de NEODIAGNOSTICA, S.L. Queda prohibida cualquier reproducci\u00f3n (o copia) del texto o de las fotos, total o parcialmente, sin el consentimiento expreso de NEODIAGNOSTICA, S.L. No toda la informaci\u00f3n contenida en este sitio es  <\/p>\n","protected":false},"excerpt":{"rendered":"<p>Lea atentamente los t\u00e9rminos y condiciones aplicables al an\u00e1lisis de NEODIAGNOSTICA, S.L. Pueden ser un poco diferentes cuando se refieren a ciertos an\u00e1lisis, en estos casos la forma para el propio an\u00e1lisis implica sus condiciones particulares. Estas condiciones son aplicables a todos los pedidos realizados en el laboratorio. 1: Los participantes expresaron conocimiento de la [&hellip;]<\/p>\n","protected":false},"author":1,"featured_media":0,"parent":0,"menu_order":0,"comment_status":"closed","ping_status":"closed","template":"","meta":{"footnotes":""},"class_list":["post-676","page","type-page","status-publish","hentry"],"yoast_head":"<!-- This site is optimized with the Yoast SEO plugin v25.8 - https:\/\/yoast.com\/wordpress\/plugins\/seo\/ -->\n<title>Legal - Test de Paternit\u00e9<\/title>\n<meta name=\"robots\" content=\"index, follow, max-snippet:-1, max-image-preview:large, max-video-preview:-1\" \/>\n<link rel=\"canonical\" href=\"https:\/\/testdepaternite.fr\/es\/legal\/\" \/>\n<meta property=\"og:locale\" content=\"es_ES\" \/>\n<meta property=\"og:type\" content=\"article\" \/>\n<meta property=\"og:title\" content=\"Legal - Test de Paternit\u00e9\" \/>\n<meta property=\"og:description\" content=\"Lea atentamente los t\u00e9rminos y condiciones aplicables al an\u00e1lisis de NEODIAGNOSTICA, S.L. Pueden ser un poco diferentes cuando se refieren a ciertos an\u00e1lisis, en estos casos la forma para el propio an\u00e1lisis implica sus condiciones particulares. Estas condiciones son aplicables a todos los pedidos realizados en el laboratorio. 1: Los participantes expresaron conocimiento de la [&hellip;]\" \/>\n<meta property=\"og:url\" content=\"https:\/\/testdepaternite.fr\/es\/legal\/\" \/>\n<meta property=\"og:site_name\" content=\"Test de Paternit\u00e9\" \/>\n<meta property=\"article:modified_time\" content=\"2024-10-28T10:49:04+00:00\" \/>\n<meta name=\"twitter:card\" content=\"summary_large_image\" \/>\n<meta name=\"twitter:label1\" content=\"Tiempo de lectura\" \/>\n\t<meta name=\"twitter:data1\" content=\"6 minutos\" \/>\n<script type=\"application\/ld+json\" class=\"yoast-schema-graph\">{\"@context\":\"https:\/\/schema.org\",\"@graph\":[{\"@type\":\"WebPage\",\"@id\":\"https:\/\/testdepaternite.fr\/es\/legal\/\",\"url\":\"https:\/\/testdepaternite.fr\/es\/legal\/\",\"name\":\"Legal - Test de Paternit\u00e9\",\"isPartOf\":{\"@id\":\"https:\/\/testdepaternite.fr\/es\/#website\"},\"datePublished\":\"2024-09-02T07:33:49+00:00\",\"dateModified\":\"2024-10-28T10:49:04+00:00\",\"breadcrumb\":{\"@id\":\"https:\/\/testdepaternite.fr\/es\/legal\/#breadcrumb\"},\"inLanguage\":\"es\",\"potentialAction\":[{\"@type\":\"ReadAction\",\"target\":[\"https:\/\/testdepaternite.fr\/es\/legal\/\"]}]},{\"@type\":\"BreadcrumbList\",\"@id\":\"https:\/\/testdepaternite.fr\/es\/legal\/#breadcrumb\",\"itemListElement\":[{\"@type\":\"ListItem\",\"position\":1,\"name\":\"Portada\",\"item\":\"https:\/\/testdepaternite.fr\/es\/inicio\/\"},{\"@type\":\"ListItem\",\"position\":2,\"name\":\"Legal\"}]},{\"@type\":\"WebSite\",\"@id\":\"https:\/\/testdepaternite.fr\/es\/#website\",\"url\":\"https:\/\/testdepaternite.fr\/es\/\",\"name\":\"Test de Paternit\u00e9\",\"description\":\"\",\"potentialAction\":[{\"@type\":\"SearchAction\",\"target\":{\"@type\":\"EntryPoint\",\"urlTemplate\":\"https:\/\/testdepaternite.fr\/es\/?s={search_term_string}\"},\"query-input\":{\"@type\":\"PropertyValueSpecification\",\"valueRequired\":true,\"valueName\":\"search_term_string\"}}],\"inLanguage\":\"es\"}]}<\/script>\n<!-- \/ Yoast SEO plugin. -->","yoast_head_json":{"title":"Legal - Test de Paternit\u00e9","robots":{"index":"index","follow":"follow","max-snippet":"max-snippet:-1","max-image-preview":"max-image-preview:large","max-video-preview":"max-video-preview:-1"},"canonical":"https:\/\/testdepaternite.fr\/es\/legal\/","og_locale":"es_ES","og_type":"article","og_title":"Legal - Test de Paternit\u00e9","og_description":"Lea atentamente los t\u00e9rminos y condiciones aplicables al an\u00e1lisis de NEODIAGNOSTICA, S.L. Pueden ser un poco diferentes cuando se refieren a ciertos an\u00e1lisis, en estos casos la forma para el propio an\u00e1lisis implica sus condiciones particulares. Estas condiciones son aplicables a todos los pedidos realizados en el laboratorio. 1: Los participantes expresaron conocimiento de la [&hellip;]","og_url":"https:\/\/testdepaternite.fr\/es\/legal\/","og_site_name":"Test de Paternit\u00e9","article_modified_time":"2024-10-28T10:49:04+00:00","twitter_card":"summary_large_image","twitter_misc":{"Tiempo de lectura":"6 minutos"},"schema":{"@context":"https:\/\/schema.org","@graph":[{"@type":"WebPage","@id":"https:\/\/testdepaternite.fr\/es\/legal\/","url":"https:\/\/testdepaternite.fr\/es\/legal\/","name":"Legal - Test de Paternit\u00e9","isPartOf":{"@id":"https:\/\/testdepaternite.fr\/es\/#website"},"datePublished":"2024-09-02T07:33:49+00:00","dateModified":"2024-10-28T10:49:04+00:00","breadcrumb":{"@id":"https:\/\/testdepaternite.fr\/es\/legal\/#breadcrumb"},"inLanguage":"es","potentialAction":[{"@type":"ReadAction","target":["https:\/\/testdepaternite.fr\/es\/legal\/"]}]},{"@type":"BreadcrumbList","@id":"https:\/\/testdepaternite.fr\/es\/legal\/#breadcrumb","itemListElement":[{"@type":"ListItem","position":1,"name":"Portada","item":"https:\/\/testdepaternite.fr\/es\/inicio\/"},{"@type":"ListItem","position":2,"name":"Legal"}]},{"@type":"WebSite","@id":"https:\/\/testdepaternite.fr\/es\/#website","url":"https:\/\/testdepaternite.fr\/es\/","name":"Test de Paternit\u00e9","description":"","potentialAction":[{"@type":"SearchAction","target":{"@type":"EntryPoint","urlTemplate":"https:\/\/testdepaternite.fr\/es\/?s={search_term_string}"},"query-input":{"@type":"PropertyValueSpecification","valueRequired":true,"valueName":"search_term_string"}}],"inLanguage":"es"}]}},"_links":{"self":[{"href":"https:\/\/testdepaternite.fr\/es\/wp-json\/wp\/v2\/pages\/676","targetHints":{"allow":["GET"]}}],"collection":[{"href":"https:\/\/testdepaternite.fr\/es\/wp-json\/wp\/v2\/pages"}],"about":[{"href":"https:\/\/testdepaternite.fr\/es\/wp-json\/wp\/v2\/types\/page"}],"author":[{"embeddable":true,"href":"https:\/\/testdepaternite.fr\/es\/wp-json\/wp\/v2\/users\/1"}],"replies":[{"embeddable":true,"href":"https:\/\/testdepaternite.fr\/es\/wp-json\/wp\/v2\/comments?post=676"}],"version-history":[{"count":2,"href":"https:\/\/testdepaternite.fr\/es\/wp-json\/wp\/v2\/pages\/676\/revisions"}],"predecessor-version":[{"id":678,"href":"https:\/\/testdepaternite.fr\/es\/wp-json\/wp\/v2\/pages\/676\/revisions\/678"}],"wp:attachment":[{"href":"https:\/\/testdepaternite.fr\/es\/wp-json\/wp\/v2\/media?parent=676"}],"curies":[{"name":"wp","href":"https:\/\/api.w.org\/{rel}","templated":true}]}}