{"id":670,"date":"2024-09-02T07:25:51","date_gmt":"2024-09-02T07:25:51","guid":{"rendered":"https:\/\/testdepaternite.fr\/politica-de-cookies\/"},"modified":"2024-10-28T10:49:04","modified_gmt":"2024-10-28T10:49:04","slug":"politica-de-cookies","status":"publish","type":"page","link":"https:\/\/testdepaternite.fr\/es\/politica-de-cookies\/","title":{"rendered":"Pol\u00edtica de Cookies"},"content":{"rendered":"\n<p>Una cookie es un archivo de texto almacenado en el ordenador o dispositivo m\u00f3vil por un servidor web y solo ese servidor podr\u00e1 recuperar o leer el contenido de la cookie y permitir que el sitio web recuerde las preferencias de navegaci\u00f3n y navegue de forma eficiente. Las cookies hacen que la interacci\u00f3n entre el usuario y el sitio web sea m\u00e1s r\u00e1pida y sencilla. <\/p>\n\n<p><strong>Informaci\u00f3n general<\/strong><\/p>\n\n<p>Este sitio web utiliza cookies. Las cookies son peque\u00f1os archivos de texto generados por las p\u00e1ginas web que visita, que contienen datos de sesi\u00f3n que pueden ser \u00fatiles m\u00e1s adelante en la p\u00e1gina web. De esta manera, este sitio web recuerda informaci\u00f3n sobre su visita, lo que puede facilitar su pr\u00f3xima visita y hacer que el sitio web sea m\u00e1s \u00fatil para usted.  <\/p>\n\n<p><strong>\u00bfC\u00f3mo funcionan las cookies?<\/strong><\/p>\n\n<p>Las cookies solo pueden almacenar texto, que suele ser siempre an\u00f3nimo y encriptado. En una cookie no se almacenar\u00e1 ninguna informaci\u00f3n personal, ni se podr\u00e1 asociar a una persona identificada o identificable. <\/p>\n\n<p>Los datos permiten a este sitio web mantener su informaci\u00f3n entre p\u00e1ginas, y tambi\u00e9n analizar c\u00f3mo interact\u00faa con el sitio web. Las cookies son seguras porque solo pueden almacenar informaci\u00f3n configurada por el navegador, es decir, informaci\u00f3n que el usuario ha introducido en el navegador o que se incluye en la solicitud de p\u00e1gina. No puede ejecutar el c\u00f3digo y no se puede usar para acceder a su computadora. Si un sitio web encripta la informaci\u00f3n de las cookies, solo el sitio web puede leer la informaci\u00f3n.   <\/p>\n\n<p><strong>\u00bfQu\u00e9 tipos de cookies utilizamos?<\/strong><br\/>Las cookies utilizadas por este sitio web se distinguen seg\u00fan los siguientes criterios:<\/p>\n\n<ol class=\"wp-block-list\">\n<li><strong>Tipos de cookies seg\u00fan la entidad que las gestiona:<\/strong><\/li>\n<\/ol>\n\n<p>En funci\u00f3n de la entidad que gestione el equipo o dominio desde el que se env\u00edan las cookies y trate los datos obtenidos, se puede distinguir:<\/p>\n\n<p>Cookies propias: son aquellas que se env\u00edan al equipo terminal del usuario desde un equipo o dominio gestionado por el propio editor y desde el que se presta el servicio solicitado por el usuario.<br\/>Cookies de terceros: son aquellas que se env\u00edan al equipo terminal del usuario desde un equipo o dominio que no es gestionado por el editor, sino por otra entidad que trata los datos obtenidos a trav\u00e9s de las cookies.<br\/>En el caso de que las cookies se instalen desde un equipo o dominio gestionado por el propio editor pero la informaci\u00f3n recogida a trav\u00e9s de las mismas sea gestionada por un tercero, no pueden considerarse como cookies propias.<\/p>\n\n<ol start=\"2\" class=\"wp-block-list\">\n<li><strong>Tipos de cookies seg\u00fan el tiempo que permanecen activas:<\/strong><\/li>\n<\/ol>\n\n<p>Dependiendo del tiempo que permanezcan activados en el equipo terminal, se puede distinguir entre:<\/p>\n\n<p><strong>Cookies de sesi\u00f3n:<\/strong> Son un tipo de cookies dise\u00f1adas para recopilar y almacenar datos cuando el usuario accede a una p\u00e1gina web. Por lo general, se utilizan para almacenar informaci\u00f3n que vale la pena conservar solo para la prestaci\u00f3n del servicio solicitado por el usuario en una sola ocasi\u00f3n (por ejemplo, una lista de productos comprados). <br\/><strong>Cookies persistentes: <\/strong>Se trata de un tipo de cookies en las que los datos se siguen almacenando en el terminal y pueden ser accedidos y tratados durante un periodo definido por el responsable de la cookie, que puede ir desde unos minutos hasta varios a\u00f1os.<\/p>\n\n<ol start=\"3\" class=\"wp-block-list\">\n<li><strong>Tipos de cookies seg\u00fan su finalidad:<\/strong><\/li>\n<\/ol>\n\n<p>En funci\u00f3n de la finalidad para la que se procesan los datos obtenidos a trav\u00e9s de las cookies, se puede distinguir:<\/p>\n\n<p><strong>Cookies t\u00e9cnicas: <\/strong>son aquellas que permiten al usuario la navegaci\u00f3n por un sitio web, plataforma o aplicaci\u00f3n y la utilizaci\u00f3n de las diferentes opciones o servicios que en ella existen, como, por ejemplo, control de tr\u00e1fico y comunicaci\u00f3n de datos, identificaci\u00f3n de sesi\u00f3n, acceso a acceso restringido. partes, memorizar los elementos que componen un pedido, realizar el proceso de compra de un pedido, realizar una solicitud de inscripci\u00f3n o participaci\u00f3n en un evento, utilizar elementos de seguridad a la hora de navegar, almacenar contenidos para la difusi\u00f3n de v\u00eddeos o sonidos, o compartir contenidos a trav\u00e9s de redes sociales. <br\/><strong>Cookies de personalizaci\u00f3n:<\/strong> son aquellas que permiten al usuario acceder al servicio con determinadas caracter\u00edsticas de car\u00e1cter general predefinidas en base a una serie de criterios en el terminal del usuario, como son el idioma, el tipo de navegador a trav\u00e9s del cual el usuario accede al servicio, el idioma. desde donde accede al servicio, etc. <br\/><strong>Cookies de an\u00e1lisis:<\/strong> son aquellas que permiten al responsable de las mismas monitorizar y analizar el comportamiento de los usuarios de los sitios web a los que est\u00e1n vinculadas. La informaci\u00f3n recogida a trav\u00e9s de este tipo de cookies se utiliza para medir la actividad de los sitios web, aplicaciones o plataformas y para elaborar perfiles de navegaci\u00f3n de los usuarios de estos sitios web, aplicaciones y plataformas, con el fin de introducir mejoras basadas en el an\u00e1lisis de los datos de uso. Desarrollado por los usuarios  <\/p>\n\n<p><strong>Herramienta de gesti\u00f3n de cookies<\/strong><br\/>Este sitio web utiliza Google Analytics.<\/p>\n\n<p>Google Analytics es una herramienta gratuita de an\u00e1lisis web de Google que permite principalmente a los propietarios de sitios web comprender c\u00f3mo interact\u00faan los usuarios con su sitio web. Adem\u00e1s, habilite las cookies en el dominio del sitio en el que se encuentra y utilice un conjunto de cookies llamadas \u00ab__utma\u00bb y \u00ab__utmz\u00bb para recopilar informaci\u00f3n de forma an\u00f3nima y compilar informes sobre las tendencias del sitio web sin identificar a los usuarios individuales. <\/p>\n\n<p>Para compilar estad\u00edsticas sobre el uso de este sitio web, utilizamos cookies para averiguar el nivel de recurrencia de nuestros visitantes y los contenidos m\u00e1s interesantes. De esta forma, podemos centrar nuestros esfuerzos en mejorar las zonas m\u00e1s visitadas y facilitar que el usuario encuentre lo que busca. En este sitio web, la informaci\u00f3n sobre su visita puede utilizarse para realizar evaluaciones estad\u00edsticas y c\u00e1lculos sobre datos an\u00f3nimos, as\u00ed como para garantizar la continuidad del servicio o para realizar mejoras en sus sitios web. Para m\u00e1s detalles, consulte la pol\u00edtica de privacidad en el siguiente enlace     [http:\/\/www .google.com\/intl\/es\/policies\/privacy \/]<\/p>\n\n<p><strong>C\u00f3mo gestionar las cookies en tu ordenador: desactivar y eliminar las cookies<\/strong><br\/>Todos los navegadores de Internet le permiten limitar el comportamiento de una cookie o deshabilitar las cookies en la configuraci\u00f3n o las opciones del navegador. Los pasos a seguir son diferentes para cada navegador, las instrucciones se pueden encontrar en el men\u00fa de ayuda de su navegador. <\/p>\n\n<p>Si no acepta el uso de cookies, ya que es posible a trav\u00e9s de los men\u00fas de preferencias o la configuraci\u00f3n de su navegador, rechazarlas, este sitio web seguir\u00e1 funcionando correctamente sin su uso.<\/p>\n\n<p>Puede permitir, bloquear o eliminar las cookies instaladas en su equipo mediante la configuraci\u00f3n de las opciones del navegador instalado en su equipo:<\/p>\n\n<ul class=\"wp-block-list\">\n<li>Para obtener m\u00e1s informaci\u00f3n sobre <strong>Internet Explorer<\/strong>, haga clic aqu\u00ed o para obtener informaci\u00f3n sobre c\u00f3mo bloquear, habilitar o permitir las cookies, haga clic aqu\u00ed.<\/li>\n\n\n\n<li>Para obtener m\u00e1s informaci\u00f3n sobre <strong>Chrome<\/strong>, haga clic aqu\u00ed.<\/li>\n\n\n\n<li>Para obtener m\u00e1s informaci\u00f3n sobre <strong>Safari<\/strong>, haga clic aqu\u00ed.<\/li>\n\n\n\n<li>Para obtener m\u00e1s informaci\u00f3n sobre <strong>Firefox<\/strong>, haga clic aqu\u00ed.<\/li>\n<\/ul>\n\n<p><br\/>A trav\u00e9s de su navegador, tambi\u00e9n puede ver las cookies que se encuentran en su ordenador y eliminarlas como mejor le parezca. Las cookies son archivos de texto, puede abrirlos y leer el contenido. Los datos que contienen casi siempre est\u00e1n encriptados con una clave digital que corresponde a una sesi\u00f3n de internet, por lo que muchas veces no tienen significado m\u00e1s all\u00e1 de la p\u00e1gina web que los escribi\u00f3.  <\/p>\n\n<p><strong>Consentimiento informado<\/strong><br\/>El uso de este sitio web implica que usted da su consentimiento expreso e inequ\u00edvoco al uso de cookies, en los t\u00e9rminos y condiciones establecidos en esta Pol\u00edtica de Cookies, sin perjuicio de las medidas que tome para deshabilitar y eliminar las cookies. pueden adoptar, y que se mencionan en el apartado anterior. <\/p>\n","protected":false},"excerpt":{"rendered":"<p>Una cookie es un archivo de texto almacenado en el ordenador o dispositivo m\u00f3vil por un servidor web y solo ese servidor podr\u00e1 recuperar o leer el contenido de la cookie y permitir que el sitio web recuerde las preferencias de navegaci\u00f3n y navegue de forma eficiente. Las cookies hacen que la interacci\u00f3n entre el [&hellip;]<\/p>\n","protected":false},"author":1,"featured_media":0,"parent":0,"menu_order":0,"comment_status":"closed","ping_status":"closed","template":"","meta":{"footnotes":""},"class_list":["post-670","page","type-page","status-publish","hentry"],"yoast_head":"<!-- This site is optimized with the Yoast SEO plugin v25.8 - https:\/\/yoast.com\/wordpress\/plugins\/seo\/ -->\n<title>Pol\u00edtica de Cookies - Test de Paternit\u00e9<\/title>\n<meta name=\"robots\" content=\"index, follow, max-snippet:-1, max-image-preview:large, max-video-preview:-1\" \/>\n<link rel=\"canonical\" href=\"https:\/\/testdepaternite.fr\/es\/politica-de-cookies\/\" \/>\n<meta property=\"og:locale\" content=\"es_ES\" \/>\n<meta property=\"og:type\" content=\"article\" \/>\n<meta property=\"og:title\" content=\"Pol\u00edtica de Cookies - Test de Paternit\u00e9\" \/>\n<meta property=\"og:description\" content=\"Una cookie es un archivo de texto almacenado en el ordenador o dispositivo m\u00f3vil por un servidor web y solo ese servidor podr\u00e1 recuperar o leer el contenido de la cookie y permitir que el sitio web recuerde las preferencias de navegaci\u00f3n y navegue de forma eficiente. Las cookies hacen que la interacci\u00f3n entre el [&hellip;]\" \/>\n<meta property=\"og:url\" content=\"https:\/\/testdepaternite.fr\/es\/politica-de-cookies\/\" \/>\n<meta property=\"og:site_name\" content=\"Test de Paternit\u00e9\" \/>\n<meta property=\"article:modified_time\" content=\"2024-10-28T10:49:04+00:00\" \/>\n<meta name=\"twitter:card\" content=\"summary_large_image\" \/>\n<meta name=\"twitter:label1\" content=\"Tiempo de lectura\" \/>\n\t<meta name=\"twitter:data1\" content=\"7 minutos\" \/>\n<script type=\"application\/ld+json\" class=\"yoast-schema-graph\">{\"@context\":\"https:\/\/schema.org\",\"@graph\":[{\"@type\":\"WebPage\",\"@id\":\"https:\/\/testdepaternite.fr\/es\/politica-de-cookies\/\",\"url\":\"https:\/\/testdepaternite.fr\/es\/politica-de-cookies\/\",\"name\":\"Pol\u00edtica de Cookies - Test de Paternit\u00e9\",\"isPartOf\":{\"@id\":\"https:\/\/testdepaternite.fr\/es\/#website\"},\"datePublished\":\"2024-09-02T07:25:51+00:00\",\"dateModified\":\"2024-10-28T10:49:04+00:00\",\"breadcrumb\":{\"@id\":\"https:\/\/testdepaternite.fr\/es\/politica-de-cookies\/#breadcrumb\"},\"inLanguage\":\"es\",\"potentialAction\":[{\"@type\":\"ReadAction\",\"target\":[\"https:\/\/testdepaternite.fr\/es\/politica-de-cookies\/\"]}]},{\"@type\":\"BreadcrumbList\",\"@id\":\"https:\/\/testdepaternite.fr\/es\/politica-de-cookies\/#breadcrumb\",\"itemListElement\":[{\"@type\":\"ListItem\",\"position\":1,\"name\":\"Portada\",\"item\":\"https:\/\/testdepaternite.fr\/es\/inicio\/\"},{\"@type\":\"ListItem\",\"position\":2,\"name\":\"Pol\u00edtica de Cookies\"}]},{\"@type\":\"WebSite\",\"@id\":\"https:\/\/testdepaternite.fr\/es\/#website\",\"url\":\"https:\/\/testdepaternite.fr\/es\/\",\"name\":\"Test de Paternit\u00e9\",\"description\":\"\",\"potentialAction\":[{\"@type\":\"SearchAction\",\"target\":{\"@type\":\"EntryPoint\",\"urlTemplate\":\"https:\/\/testdepaternite.fr\/es\/?s={search_term_string}\"},\"query-input\":{\"@type\":\"PropertyValueSpecification\",\"valueRequired\":true,\"valueName\":\"search_term_string\"}}],\"inLanguage\":\"es\"}]}<\/script>\n<!-- \/ Yoast SEO plugin. -->","yoast_head_json":{"title":"Pol\u00edtica de Cookies - Test de Paternit\u00e9","robots":{"index":"index","follow":"follow","max-snippet":"max-snippet:-1","max-image-preview":"max-image-preview:large","max-video-preview":"max-video-preview:-1"},"canonical":"https:\/\/testdepaternite.fr\/es\/politica-de-cookies\/","og_locale":"es_ES","og_type":"article","og_title":"Pol\u00edtica de Cookies - Test de Paternit\u00e9","og_description":"Una cookie es un archivo de texto almacenado en el ordenador o dispositivo m\u00f3vil por un servidor web y solo ese servidor podr\u00e1 recuperar o leer el contenido de la cookie y permitir que el sitio web recuerde las preferencias de navegaci\u00f3n y navegue de forma eficiente. Las cookies hacen que la interacci\u00f3n entre el [&hellip;]","og_url":"https:\/\/testdepaternite.fr\/es\/politica-de-cookies\/","og_site_name":"Test de Paternit\u00e9","article_modified_time":"2024-10-28T10:49:04+00:00","twitter_card":"summary_large_image","twitter_misc":{"Tiempo de lectura":"7 minutos"},"schema":{"@context":"https:\/\/schema.org","@graph":[{"@type":"WebPage","@id":"https:\/\/testdepaternite.fr\/es\/politica-de-cookies\/","url":"https:\/\/testdepaternite.fr\/es\/politica-de-cookies\/","name":"Pol\u00edtica de Cookies - Test de Paternit\u00e9","isPartOf":{"@id":"https:\/\/testdepaternite.fr\/es\/#website"},"datePublished":"2024-09-02T07:25:51+00:00","dateModified":"2024-10-28T10:49:04+00:00","breadcrumb":{"@id":"https:\/\/testdepaternite.fr\/es\/politica-de-cookies\/#breadcrumb"},"inLanguage":"es","potentialAction":[{"@type":"ReadAction","target":["https:\/\/testdepaternite.fr\/es\/politica-de-cookies\/"]}]},{"@type":"BreadcrumbList","@id":"https:\/\/testdepaternite.fr\/es\/politica-de-cookies\/#breadcrumb","itemListElement":[{"@type":"ListItem","position":1,"name":"Portada","item":"https:\/\/testdepaternite.fr\/es\/inicio\/"},{"@type":"ListItem","position":2,"name":"Pol\u00edtica de Cookies"}]},{"@type":"WebSite","@id":"https:\/\/testdepaternite.fr\/es\/#website","url":"https:\/\/testdepaternite.fr\/es\/","name":"Test de Paternit\u00e9","description":"","potentialAction":[{"@type":"SearchAction","target":{"@type":"EntryPoint","urlTemplate":"https:\/\/testdepaternite.fr\/es\/?s={search_term_string}"},"query-input":{"@type":"PropertyValueSpecification","valueRequired":true,"valueName":"search_term_string"}}],"inLanguage":"es"}]}},"_links":{"self":[{"href":"https:\/\/testdepaternite.fr\/es\/wp-json\/wp\/v2\/pages\/670","targetHints":{"allow":["GET"]}}],"collection":[{"href":"https:\/\/testdepaternite.fr\/es\/wp-json\/wp\/v2\/pages"}],"about":[{"href":"https:\/\/testdepaternite.fr\/es\/wp-json\/wp\/v2\/types\/page"}],"author":[{"embeddable":true,"href":"https:\/\/testdepaternite.fr\/es\/wp-json\/wp\/v2\/users\/1"}],"replies":[{"embeddable":true,"href":"https:\/\/testdepaternite.fr\/es\/wp-json\/wp\/v2\/comments?post=670"}],"version-history":[{"count":2,"href":"https:\/\/testdepaternite.fr\/es\/wp-json\/wp\/v2\/pages\/670\/revisions"}],"predecessor-version":[{"id":672,"href":"https:\/\/testdepaternite.fr\/es\/wp-json\/wp\/v2\/pages\/670\/revisions\/672"}],"wp:attachment":[{"href":"https:\/\/testdepaternite.fr\/es\/wp-json\/wp\/v2\/media?parent=670"}],"curies":[{"name":"wp","href":"https:\/\/api.w.org\/{rel}","templated":true}]}}