{"id":667,"date":"2024-05-13T11:47:53","date_gmt":"2024-05-13T11:47:53","guid":{"rendered":"https:\/\/testdepaternite.fr\/politica-de-privacidad\/"},"modified":"2024-10-28T10:49:04","modified_gmt":"2024-10-28T10:49:04","slug":"politica-de-privacidad","status":"publish","type":"page","link":"https:\/\/testdepaternite.fr\/es\/politica-de-privacidad\/","title":{"rendered":"Pol\u00edtica de privacidad"},"content":{"rendered":"\n<p>De conformidad con lo establecido en la normativa vigente en materia de protecci\u00f3n de datos de car\u00e1cter personal, le informamos que sus datos ser\u00e1n incorporados al sistema de tratamiento titularidad de NEODIAGNOSTICA S.L. con CIF B25541392 y con domicilio social en AV. PRAT DE LA RIBA, 57 25004, LLEIDA, con la finalidad de atender sus consultas y enviarle informaci\u00f3n relacionada que pueda ser de su inter\u00e9s. <\/p>\n\n<p>De conformidad con la normativa vigente, NEODIAGNOSTICA SL informa que los datos se conservar\u00e1n durante el tiempo estrictamente necesario para cumplir con los preceptos anteriormente mencionados.<\/p>\n\n<p>Hasta que no nos comunique lo contrario, entenderemos que sus datos no han sido modificados, que se compromete a notificarnos cualquier variaci\u00f3n y que contamos con su consentimiento para utilizarlos para las finalidades anteriormente mencionadas.<\/p>\n\n<p>NEODIAGNOSTICA S.L. informa que tratar\u00e1 los datos de forma l\u00edcita, leal, transparente, adecuada, pertinente, limitada, exacta y actualizada. Por este motivo, NEODIAGNOSTICA S.L. se compromete a adoptar todas las medidas razonables para garantizar que se supriman o rectifiquen sin dilaci\u00f3n cuando sean inexactos. <\/p>\n\n<p>De acuerdo con los derechos que le confiere la normativa vigente en materia de protecci\u00f3n de datos, podr\u00e1 ejercitar los derechos de acceso, rectificaci\u00f3n, limitaci\u00f3n del tratamiento, supresi\u00f3n, portabilidad y oposici\u00f3n al tratamiento de sus datos personales, as\u00ed como el consentimiento prestado para el tratamiento. enviando su solicitud a la direcci\u00f3n postal indicada anteriormente o al correo electr\u00f3nico A.ALEJO@MYADNLAB.COM. <\/p>\n\n<p>A su vez, le informamos que puede ponerse en contacto con el Delegado de Protecci\u00f3n de Datos de NEODIAGNOSTICA S.L., dirigi\u00e9ndose por escrito a la direcci\u00f3n de correo electr\u00f3nico dpo.cliente@conversia.es o al n\u00famero de tel\u00e9fono 902877192. Puede dirigirse a la autoridad de control pertinente para presentar la reclamaci\u00f3n que considere oportuna. <\/p>\n\n<p>Pol\u00edtica de protecci\u00f3n de datos personales<\/p>\n\n<p>Mediante el presente aviso, NEODIAGNOSTICA S.L. (en adelante, NEODIAGNOSTICA), informa a los usuarios del sitio web de su pol\u00edtica de protecci\u00f3n de datos de car\u00e1cter personal, con el fin de que decidan libre y voluntariamente si desean facilitar a NEODIAGNOSTICA los datos de car\u00e1cter personal que se les puedan solicitar en la web. . NEODIAGNOSTICA se reserva el derecho a modificar su Pol\u00edtica de Protecci\u00f3n de Datos de acuerdo con su criterio, o debido a un cambio en la legislaci\u00f3n, la jurisprudencia o la pr\u00e1ctica comercial. Estos cambios ser\u00e1n publicados en este sitio web, poniendo a disposici\u00f3n de NEODIAGNOSTICA los recursos necesarios para que el usuario pueda acceder a ellos y leerlos. En todo caso, la relaci\u00f3n con los usuarios se regir\u00e1 por las normas establecidas en el momento preciso en que se acceda al sitio web.    <\/p>\n\n<p>Los datos personales facilitados ser\u00e1n tratados de acuerdo con los siguientes puntos:<\/p>\n\n<p>INFORMACI\u00d3N SOBRE PROTECCI\u00d3N DE DATOS PERSONALES<\/p>\n\n<p>Responsable del tratamiento<\/p>\n\n<p>NEODIAGNOSTICA, S.L. NIF: B25541392<\/p>\n\n<p>Direcci\u00f3n: AV. PRAT DE LA RIBA, 57 25004, LLEIDA. <\/p>\n\n<p>Tel\u00e9fono: 973 26 15 54 E-mail: info@myadnlab.com<\/p>\n\n<p>Contacto DPO: protecciondatos@myadnlab.com<\/p>\n\n<p>Objetivos<\/p>\n\n<p>La recogida y tratamiento de los datos personales tiene las siguientes finalidades:<\/p>\n\n<p>En el caso de los datos enviados a trav\u00e9s de la direcci\u00f3n de correo electr\u00f3nico del puesto de trabajo: la creaci\u00f3n de una Bolsa de Trabajo para llevar a cabo los procesos de selecci\u00f3n de personal de la empresa NEODIAGNOSTICA.<br\/>En el caso del resto de datos enviados a trav\u00e9s de las direcciones de correo electr\u00f3nico de contacto, el uso de estos datos para responder a su solicitud o sugerencia.<br\/>Cualquier otro servicio relacionado con la actividad de NEODIAGNOSTICA que consideremos interesante para usted.<br\/>Uso con fines estad\u00edsticos con el fin de analizar el comportamiento y las tendencias de los Usuarios y analizar c\u00f3mo mejorar los servicios que prestamos a los Usuarios.<\/p>\n\n<p>Legitimaci\u00f3n y conservaci\u00f3n<\/p>\n\n<p>La base legal para el tratamiento de los datos es el consentimiento otorgado por el usuario al facilitar los datos o mediante la marcaje, en su caso, de las correspondientes casillas de aceptaci\u00f3n.<\/p>\n\n<p>Si no nos facilitas los datos necesarios para estos fines, ser\u00e1 imposible prestarte nuestros servicios. Los campos de los formularios marcados con un asterisco son obligatorios y se consideran necesarios para prestar el servicio solicitado de tal forma que, si no se cumplimentan todos los campos necesarios, NEODIAGNOSTICA no podr\u00e1 prestar al usuario el servicio concreto. ofrecidos en el sitio.  <\/p>\n\n<p>En los campos en los que se indique lo contrario, las respuestas a las preguntas sobre Datos Personales son voluntarias, sin que la ausencia de respuesta implique una disminuci\u00f3n en la calidad o cantidad de los servicios correspondientes.<\/p>\n\n<p>Los datos se conservar\u00e1n mientras se mantenga la relaci\u00f3n y no se solicite su supresi\u00f3n y, en todo caso, en cumplimiento de los plazos legales de prescripci\u00f3n aplicables.<\/p>\n\n<p>Destinatarios de la transferencia<\/p>\n\n<p>NEODIAGN\u00d3STICO<\/p>\n\n<p>CA no ceder\u00e1 datos a terceros, salvo obligaci\u00f3n legal.<\/p>\n\n<p>Derechos de los interesados<\/p>\n\n<p>El usuario, y, en su caso, la persona que le represente, podr\u00e1 ejercitar sus derechos de acceso, rectificaci\u00f3n, supresi\u00f3n, portabilidad y limitaci\u00f3n u oposici\u00f3n mediante solicitud escrita y firmada dirigida a:<\/p>\n\n<p>la siguiente direcci\u00f3n de correo electr\u00f3nico: protecciondatos@myadnlab.com<\/p>\n\n<p>Tur\u00f3 de Gardeny S\/N Edificio H3 2\u00aa planta, oficina 1, 25003 Lleida<\/p>\n\n<p>El Usuario tiene derecho a retirar el consentimiento prestado.<\/p>\n\n<p>El usuario tiene derecho a presentar una reclamaci\u00f3n ante la autoridad de control (Agencia Espa\u00f1ola de Protecci\u00f3n de Datos www.agpd.es).<\/p>\n\n<p>Dudas<\/p>\n\n<p>Si tiene alguna duda, pregunta o comentario sobre la siguiente pol\u00edtica, puede hac\u00e9rnoslo saber enviando su comunicaci\u00f3n sobre este tema a:<\/p>\n\n<p>la siguiente direcci\u00f3n de correo electr\u00f3nico: protecciondatos@myadnlab.com<br\/>Tur\u00f3 de Gardeny S\/N Edificio H3 2\u00aa planta, oficina 1, 25003 Lleida<\/p>\n\n<p>POL\u00cdTICA DE PRIVACIDAD DE REDES SOCIALES<\/p>\n\n<p>De conformidad con lo establecido en la normativa vigente en materia de protecci\u00f3n de datos de car\u00e1cter personal (RGPD) y en la Ley 34\/2002, de 11 de julio, de Servicios de la Sociedad de la Informaci\u00f3n y de Comercio Electr\u00f3nico (LSSI-CE), NEODIAGNOSTICA SL informa a los usuarios que ha creado un perfil en la\/s Red\/es Social\/es Facebook, Twitter, con la finalidad principal de publicitar sus productos y servicios.<\/p>\n\n<p>Datos de NEODIAGNOSTICA SL:<\/p>\n\n<p>CIF: B25541392<\/p>\n\n<p>DIRECCI\u00d3N: TUR\u00d3 DE GARDENY S\/N EDI H3 2PNT 1OFI 25003, LLEIDA<\/p>\n\n<p>CORREO ELECTR\u00d3NICO: info@myadnlab.com<\/p>\n\n<p>DOMINIO WEB: www.myadnlab.com<\/p>\n\n<p>El usuario dispone de un perfil en la misma red social y ha decidido unirse a la p\u00e1gina creada por NEODIAGNOSTICA S.L., mostrando as\u00ed inter\u00e9s en la informaci\u00f3n publicada en la red. Al unirse a nuestra p\u00e1gina, nos proporciona su consentimiento para el procesamiento de. Datos personales publicados en su perfil.  <\/p>\n\n<p>El usuario puede acceder en cualquier momento a las pol\u00edticas de privacidad de la propia red social, as\u00ed como configurar su perfil para garantizar su privacidad.<\/p>\n\n<p>NEODIAGNOSTICA S.L. tiene acceso y trata la informaci\u00f3n p\u00fablica del usuario, incluido su nombre de contacto. Estos datos solo se utilizan dentro de la propia Red Social. No est\u00e1n incrustados en ning\u00fan archivo.  <\/p>\n\n<p>Con respecto a los derechos de acceso, rectificaci\u00f3n, limitaci\u00f3n del tratamiento, supresi\u00f3n, portabilidad y oposici\u00f3n al tratamiento, de los que dispone y que pueden ser ejercitados ante NEODIAGNOSTICA S.L., de conformidad con el RGPD, debe tener en cuenta los siguientes matices:<\/p>\n\n<p>Acceso: Vendr\u00e1 definido por la funcionalidad de la red social y la capacidad de acceder a la informaci\u00f3n de los perfiles de los usuarios.<br\/>Rectificaci\u00f3n: S\u00f3lo podr\u00e1 satisfacerse en relaci\u00f3n con la informaci\u00f3n que se encuentre bajo el control de NEODIAGNOSTICA S.L., por ejemplo eliminando los comentarios publicados en la propia p\u00e1gina. Normalmente, este derecho deber\u00e1 ejercerse con la Red Social.<br\/>Cancelaci\u00f3n y\/u oposici\u00f3n: Al igual que en el caso anterior, s\u00f3lo podr\u00e1 satisfacerse en relaci\u00f3n con la informaci\u00f3n que se encuentre bajo el control de NEODIAGNOSTICA S.L., por ejemplo dejando de estar vinculado al perfil.<br\/>NEODIAGNOSTICA S.L. llevar\u00e1 a cabo las siguientes actuaciones: <\/p>\n\n<p>Acceso a la informaci\u00f3n p\u00fablica del perfil.<br\/>Publicaci\u00f3n en el perfil de usuario de toda la informaci\u00f3n ya publicada en la p\u00e1gina de NEODIAGNOSTICA S.L.<br\/>Env\u00eda mensajes personales e individuales a trav\u00e9s de los canales de las redes sociales.<br\/>Actualizaciones del estado de la p\u00e1gina que se va a publicar en el perfil del usuario.<br\/>El usuario puede en cualquier momento controlar sus conexiones, eliminar contenidos que ya no le interesan y restringir las personas con las que comparte sus conexiones, para ello debe acceder a su configuraci\u00f3n de privacidad.<\/p>\n\n<p>Publicaciones<\/p>\n\n<p>El usuario, una vez registrado en la p\u00e1gina de NEODIAGNOSTICA S.L., podr\u00e1 publicar comentarios, enlaces, im\u00e1genes o fotograf\u00edas o cualquier otro tipo de contenido multimedia soportado por la red social. El usuario, en todo caso, debe ser el titular, gozar de los derechos de autor y de propiedad intelectual o contar con el consentimiento de los terceros interesados. Queda expresamente prohibida cualquier publicaci\u00f3n en la p\u00e1gina, ya sean textos, gr\u00e1ficos, fotograf\u00edas, v\u00eddeos, etc. que atenten o puedan atentar contra la moral, la moral, el buen gusto o el decoro, y\/o que infrinjan, violen o violen los derechos de propiedad intelectual o industrial, los derechos de imagen o la ley. En estos casos, NEODIAGNOSTICA S.L. se reserva el derecho de hacerlo de forma inmediata. eliminar el contenido y podr\u00e1 solicitar el bloqueo permanente del usuario.     <\/p>\n\n<p>NEODIAGNOSTICA S.L. no ser\u00e1 responsable de los contenidos libremente publicados por un usuario.<\/p>\n\n<p>El usuario debe tener en cuenta que sus publicaciones ser\u00e1n conocidas por otros usuarios, por lo que \u00e9l mismo es el principal responsable de su privacidad.<\/p>\n\n<p>Las im\u00e1genes que puedan publicarse en la p\u00e1gina no ser\u00e1n almacenadas en ning\u00fan fichero por parte de NEODIAGNOSTICA S.L., sino que s\u00ed en cualquier fichero.<\/p>\n\n<p>Permanecer\u00e1n en la red social.<\/p>\n\n<p>Concursos y Promociones<\/p>\n\n<p>NEODIAGNOSTICA S.L. se reserva el derecho a organizar concursos y promociones, en los que podr\u00e1 participar el usuario vinculado a su p\u00e1gina. All\u00ed se publicar\u00e1n las bases de cada una de ellas, cuando se utilice la plataforma de la Red Social para tal fin. Siempre cumpliendo con la LSSI-CE y cualquier otra norma aplicable.  <\/p>\n\n<p>La red social no patrocina, avala ni administra, de ninguna manera, ninguna de nuestras promociones, ni est\u00e1 asociada a ninguna de ellas.<\/p>\n\n<p>Publicidad<\/p>\n\n<p>NEODIAGNOSTICA S.L. utilizar\u00e1 la red social para publicitar sus productos y servicios. En cualquier caso, si decide tratar sus datos de contacto para realizar acciones de prospecci\u00f3n comercial directa, siempre cumplir\u00e1 con las exigencias legales del RGPD y de la LSSI. -ESE.  <\/p>\n\n<p>No se considerar\u00e1 publicidad el hecho de recomendar la p\u00e1gina de NEODIAGNOSTICA S.L. a otros usuarios para que tambi\u00e9n puedan beneficiarse de promociones o estar informados sobre su actividad.<\/p>\n\n<p>A continuaci\u00f3n detallamos el enlace a la pol\u00edtica de privacidad de la red social:<\/p>\n\n<p>\u2022Facebook: https:\/\/www.facebook.com\/help\/323540651073243\/<\/p>\n\n<ul class=\"wp-block-list\">\n<li>Twitter: https:\/\/twitter.com\/privacy<\/li>\n<\/ul>\n","protected":false},"excerpt":{"rendered":"<p>De conformidad con lo establecido en la normativa vigente en materia de protecci\u00f3n de datos de car\u00e1cter personal, le informamos que sus datos ser\u00e1n incorporados al sistema de tratamiento titularidad de NEODIAGNOSTICA S.L. con CIF B25541392 y con domicilio social en AV. PRAT DE LA RIBA, 57 25004, LLEIDA, con la finalidad de atender sus [&hellip;]<\/p>\n","protected":false},"author":1,"featured_media":0,"parent":0,"menu_order":0,"comment_status":"closed","ping_status":"closed","template":"","meta":{"footnotes":""},"class_list":["post-667","page","type-page","status-publish","hentry"],"yoast_head":"<!-- This site is optimized with the Yoast SEO plugin v25.8 - https:\/\/yoast.com\/wordpress\/plugins\/seo\/ -->\n<title>Pol\u00edtica de privacidad - Test de Paternit\u00e9<\/title>\n<meta name=\"robots\" content=\"index, follow, max-snippet:-1, max-image-preview:large, max-video-preview:-1\" \/>\n<link rel=\"canonical\" href=\"https:\/\/testdepaternite.fr\/es\/politica-de-privacidad\/\" \/>\n<meta property=\"og:locale\" content=\"es_ES\" \/>\n<meta property=\"og:type\" content=\"article\" \/>\n<meta property=\"og:title\" content=\"Pol\u00edtica de privacidad - Test de Paternit\u00e9\" \/>\n<meta property=\"og:description\" content=\"De conformidad con lo establecido en la normativa vigente en materia de protecci\u00f3n de datos de car\u00e1cter personal, le informamos que sus datos ser\u00e1n incorporados al sistema de tratamiento titularidad de NEODIAGNOSTICA S.L. con CIF B25541392 y con domicilio social en AV. PRAT DE LA RIBA, 57 25004, LLEIDA, con la finalidad de atender sus [&hellip;]\" \/>\n<meta property=\"og:url\" content=\"https:\/\/testdepaternite.fr\/es\/politica-de-privacidad\/\" \/>\n<meta property=\"og:site_name\" content=\"Test de Paternit\u00e9\" \/>\n<meta property=\"article:modified_time\" content=\"2024-10-28T10:49:04+00:00\" \/>\n<meta name=\"twitter:card\" content=\"summary_large_image\" \/>\n<meta name=\"twitter:label1\" content=\"Tiempo de lectura\" \/>\n\t<meta name=\"twitter:data1\" content=\"9 minutos\" \/>\n<script type=\"application\/ld+json\" class=\"yoast-schema-graph\">{\"@context\":\"https:\/\/schema.org\",\"@graph\":[{\"@type\":\"WebPage\",\"@id\":\"https:\/\/testdepaternite.fr\/es\/politica-de-privacidad\/\",\"url\":\"https:\/\/testdepaternite.fr\/es\/politica-de-privacidad\/\",\"name\":\"Pol\u00edtica de privacidad - Test de Paternit\u00e9\",\"isPartOf\":{\"@id\":\"https:\/\/testdepaternite.fr\/es\/#website\"},\"datePublished\":\"2024-05-13T11:47:53+00:00\",\"dateModified\":\"2024-10-28T10:49:04+00:00\",\"breadcrumb\":{\"@id\":\"https:\/\/testdepaternite.fr\/es\/politica-de-privacidad\/#breadcrumb\"},\"inLanguage\":\"es\",\"potentialAction\":[{\"@type\":\"ReadAction\",\"target\":[\"https:\/\/testdepaternite.fr\/es\/politica-de-privacidad\/\"]}]},{\"@type\":\"BreadcrumbList\",\"@id\":\"https:\/\/testdepaternite.fr\/es\/politica-de-privacidad\/#breadcrumb\",\"itemListElement\":[{\"@type\":\"ListItem\",\"position\":1,\"name\":\"Portada\",\"item\":\"https:\/\/testdepaternite.fr\/es\/inicio\/\"},{\"@type\":\"ListItem\",\"position\":2,\"name\":\"Pol\u00edtica de privacidad\"}]},{\"@type\":\"WebSite\",\"@id\":\"https:\/\/testdepaternite.fr\/es\/#website\",\"url\":\"https:\/\/testdepaternite.fr\/es\/\",\"name\":\"Test de Paternit\u00e9\",\"description\":\"\",\"potentialAction\":[{\"@type\":\"SearchAction\",\"target\":{\"@type\":\"EntryPoint\",\"urlTemplate\":\"https:\/\/testdepaternite.fr\/es\/?s={search_term_string}\"},\"query-input\":{\"@type\":\"PropertyValueSpecification\",\"valueRequired\":true,\"valueName\":\"search_term_string\"}}],\"inLanguage\":\"es\"}]}<\/script>\n<!-- \/ Yoast SEO plugin. -->","yoast_head_json":{"title":"Pol\u00edtica de privacidad - Test de Paternit\u00e9","robots":{"index":"index","follow":"follow","max-snippet":"max-snippet:-1","max-image-preview":"max-image-preview:large","max-video-preview":"max-video-preview:-1"},"canonical":"https:\/\/testdepaternite.fr\/es\/politica-de-privacidad\/","og_locale":"es_ES","og_type":"article","og_title":"Pol\u00edtica de privacidad - Test de Paternit\u00e9","og_description":"De conformidad con lo establecido en la normativa vigente en materia de protecci\u00f3n de datos de car\u00e1cter personal, le informamos que sus datos ser\u00e1n incorporados al sistema de tratamiento titularidad de NEODIAGNOSTICA S.L. con CIF B25541392 y con domicilio social en AV. PRAT DE LA RIBA, 57 25004, LLEIDA, con la finalidad de atender sus [&hellip;]","og_url":"https:\/\/testdepaternite.fr\/es\/politica-de-privacidad\/","og_site_name":"Test de Paternit\u00e9","article_modified_time":"2024-10-28T10:49:04+00:00","twitter_card":"summary_large_image","twitter_misc":{"Tiempo de lectura":"9 minutos"},"schema":{"@context":"https:\/\/schema.org","@graph":[{"@type":"WebPage","@id":"https:\/\/testdepaternite.fr\/es\/politica-de-privacidad\/","url":"https:\/\/testdepaternite.fr\/es\/politica-de-privacidad\/","name":"Pol\u00edtica de privacidad - Test de Paternit\u00e9","isPartOf":{"@id":"https:\/\/testdepaternite.fr\/es\/#website"},"datePublished":"2024-05-13T11:47:53+00:00","dateModified":"2024-10-28T10:49:04+00:00","breadcrumb":{"@id":"https:\/\/testdepaternite.fr\/es\/politica-de-privacidad\/#breadcrumb"},"inLanguage":"es","potentialAction":[{"@type":"ReadAction","target":["https:\/\/testdepaternite.fr\/es\/politica-de-privacidad\/"]}]},{"@type":"BreadcrumbList","@id":"https:\/\/testdepaternite.fr\/es\/politica-de-privacidad\/#breadcrumb","itemListElement":[{"@type":"ListItem","position":1,"name":"Portada","item":"https:\/\/testdepaternite.fr\/es\/inicio\/"},{"@type":"ListItem","position":2,"name":"Pol\u00edtica de privacidad"}]},{"@type":"WebSite","@id":"https:\/\/testdepaternite.fr\/es\/#website","url":"https:\/\/testdepaternite.fr\/es\/","name":"Test de Paternit\u00e9","description":"","potentialAction":[{"@type":"SearchAction","target":{"@type":"EntryPoint","urlTemplate":"https:\/\/testdepaternite.fr\/es\/?s={search_term_string}"},"query-input":{"@type":"PropertyValueSpecification","valueRequired":true,"valueName":"search_term_string"}}],"inLanguage":"es"}]}},"_links":{"self":[{"href":"https:\/\/testdepaternite.fr\/es\/wp-json\/wp\/v2\/pages\/667","targetHints":{"allow":["GET"]}}],"collection":[{"href":"https:\/\/testdepaternite.fr\/es\/wp-json\/wp\/v2\/pages"}],"about":[{"href":"https:\/\/testdepaternite.fr\/es\/wp-json\/wp\/v2\/types\/page"}],"author":[{"embeddable":true,"href":"https:\/\/testdepaternite.fr\/es\/wp-json\/wp\/v2\/users\/1"}],"replies":[{"embeddable":true,"href":"https:\/\/testdepaternite.fr\/es\/wp-json\/wp\/v2\/comments?post=667"}],"version-history":[{"count":2,"href":"https:\/\/testdepaternite.fr\/es\/wp-json\/wp\/v2\/pages\/667\/revisions"}],"predecessor-version":[{"id":669,"href":"https:\/\/testdepaternite.fr\/es\/wp-json\/wp\/v2\/pages\/667\/revisions\/669"}],"wp:attachment":[{"href":"https:\/\/testdepaternite.fr\/es\/wp-json\/wp\/v2\/media?parent=667"}],"curies":[{"name":"wp","href":"https:\/\/api.w.org\/{rel}","templated":true}]}}