{"id":622,"date":"2024-10-23T08:21:15","date_gmt":"2024-10-23T08:21:15","guid":{"rendered":"https:\/\/testdepaternite.fr\/noticia\/"},"modified":"2024-10-23T09:27:41","modified_gmt":"2024-10-23T09:27:41","slug":"noticia","status":"publish","type":"page","link":"https:\/\/testdepaternite.fr\/es\/noticia\/","title":{"rendered":"Informaci\u00f3n"},"content":{"rendered":"<h1 class=\"wp-block-heading\">{post_title}<\/h1><h3>Pr\u00e9levez vos \u00e9chantillons<\/h3><p>Para recoger las muestras, el proceso es muy sencillo e indoloro. Utilizando los materiales del kit, debes seguir estos pasos: <\/p><ol><li>Vous devrez pr\u00e9lever un coton-tige buccal avec les \u00e9couvillons que vous trouverez dans le kit. Vous devrez frotter l&#8217;int\u00e9rieur de votre joue pendant environ 20 \u00e0 30 secondes.<\/li><li>Vous devrez r\u00e9p\u00e9ter cette proc\u00e9dure avec l&#8217;autre \u00e9couvillon sur l&#8217;autre joue.<\/li><li>Une fois que vous avez les \u00e9chantillons, vous devrez mettre les \u00e9couvillons dans l&#8217;enveloppe identifi\u00e9e par la mention p\u00e8re ou enfant.<\/li><li>Vous devrez r\u00e9p\u00e9ter le processus d\u2019\u00e9chantillonnage pour chaque participant au test.<\/li><\/ol><h3>Avis clients<\/h3><p>Creemos que las voces de nuestros clientes deben ser escuchadas. Su satisfacci\u00f3n total es nuestra principal prioridad, por lo que contamos con un equipo de atenci\u00f3n al cliente dedicado que est\u00e1 a su disposici\u00f3n en el 09 72 14 98 54. <\/p><p>Todas las opiniones de nuestros clientes son aut\u00e9nticas y son ofrecidas por Trustpilot, pero tambi\u00e9n por Avis-V\u00e9rifi\u00e9, que enumera de forma 100% independiente las experiencias de compra de nuestros consumidores de forma aleatoria e inesperada.<\/p><h3>Les types d\u2019\u00e9chantillons<\/h3><p>Conoce los diferentes tipos de muestras que nuestro laboratorio puede analizar aqu\u00ed:<\/p><h3>Notre kit de pr\u00e9l\u00e8vement<\/h3><p>Los kits de recogida de muestras se env\u00edan una vez que se ha realizado el pedido en Testdepaternit\u00e9.fr. El kit que recibir\u00e1s en tu domicilio contiene:<\/p><ul><li>Enveloppe de retour pour \u00e9chantillons<\/li><li>Formulaire de commande de test<\/li><li>Enveloppe d&#8217;\u00e9chantillons biologiques pour chaque participant au test<\/li><li>2 \u00e9couvillons buccaux pour chaque participant au test<\/li><li>Instructions pour le pr\u00e9l\u00e8vement d&#8217;\u00e9chantillons<\/li><\/ul><p>Estamos disponibles durante todo el proceso. Si tienes alguna pregunta o necesitas ayuda, puedes ponerte en contacto con nosotros por tel\u00e9fono 09 72 14 98 54 o por correo electr\u00f3nico a concta@testedepaternite.fr <\/p><h3>J\u2019envoie mon propre kit de pr\u00e9l\u00e8vement<\/h3><p>A continuaci\u00f3n te presentamos el m\u00e9todo para obtener muestras biol\u00f3gicas \u00abcaseras\u00bb para realizar una prueba de ADN. El protocolo de extracci\u00f3n de muestras de ADN con el \u00abkit casero\u00bb se lleva a cabo en 3 pasos: <\/p><p><strong>1. PREPARACI\u00d3N DE LOS BASTONCILLOS DE ALGOD\u00d3N<\/strong><br\/>Tome dos bastoncillos de algod\u00f3n que se usan para limpiar los o\u00eddos. El palo tiene 2 extremos con algod\u00f3n. Toma un par de tijeras y corta una de las almohadillas de algod\u00f3n. De esta manera te quedar\u00e1s con la parte superior con 1 algod\u00f3n; lo llamaremos \u00abBASTONCILLOS DE ALGOD\u00d3N CASEROS\u00bb. Repita con el otro hisopo de algod\u00f3n.    <\/p><p>De esta forma dispondremos de 2 BASTONCILLOS DE ALGOD\u00d3N CASEROS. Necesitamos 2 unidades por participante: <\/p><figure class=\"wp-block-image size-full\"><img loading=\"lazy\" decoding=\"async\" width=\"567\" height=\"444\" src=\"https:\/\/testdepaternite.fr\/wp-content\/uploads\/2024\/10\/Imagen1.jpg\" alt=\"\" class=\"wp-image-509\" srcset=\"https:\/\/testdepaternite.fr\/wp-content\/uploads\/2024\/10\/Imagen1.jpg 567w, https:\/\/testdepaternite.fr\/wp-content\/uploads\/2024\/10\/Imagen1-300x235.jpg 300w\" sizes=\"auto, (max-width: 567px) 100vw, 567px\" \/><\/figure><p>Deber\u00e1 preparar un sobre de papel para cada participante que servir\u00e1 para guardar las muestras. Por lo tanto, debe tener tantos sobres como participantes en la prueba. En cada sobre deber\u00e1 indicar el nombre y categor\u00eda del participante. Por ejemplo, el sobre destinado a recibir las muestras de la madre tendr\u00e1 la inscripci\u00f3n: MADRE: nombre de la madre (por ejemplo, MARIE), el sobre destinado al hijo se escribir\u00e1 con NI\u00d1O: nombre del ni\u00f1o (por ejemplo, PIERRE); el sobre del padre tendr\u00e1 la inscripci\u00f3n SUPUESTO PADRE: nombre del padre (por ejemplo, LOUIS); Y as\u00ed con todos los participantes.   <\/p><figure class=\"wp-block-image size-full\"><img loading=\"lazy\" decoding=\"async\" width=\"408\" height=\"273\" src=\"https:\/\/testdepaternite.fr\/wp-content\/uploads\/2024\/10\/Imagen2.jpg\" alt=\"\" class=\"wp-image-510\" srcset=\"https:\/\/testdepaternite.fr\/wp-content\/uploads\/2024\/10\/Imagen2.jpg 408w, https:\/\/testdepaternite.fr\/wp-content\/uploads\/2024\/10\/Imagen2-300x201.jpg 300w\" sizes=\"auto, (max-width: 408px) 100vw, 408px\" \/><\/figure><figure class=\"wp-block-image size-full\"><img loading=\"lazy\" decoding=\"async\" width=\"408\" height=\"273\" src=\"https:\/\/testdepaternite.fr\/wp-content\/uploads\/2024\/10\/Imagen3.jpg\" alt=\"\" class=\"wp-image-511\" srcset=\"https:\/\/testdepaternite.fr\/wp-content\/uploads\/2024\/10\/Imagen3.jpg 408w, https:\/\/testdepaternite.fr\/wp-content\/uploads\/2024\/10\/Imagen3-300x201.jpg 300w\" sizes=\"auto, (max-width: 408px) 100vw, 408px\" \/><\/figure><figure class=\"wp-block-image size-full\"><img loading=\"lazy\" decoding=\"async\" width=\"406\" height=\"270\" src=\"https:\/\/testdepaternite.fr\/wp-content\/uploads\/2024\/10\/Imagen4.jpg\" alt=\"\" class=\"wp-image-512\" srcset=\"https:\/\/testdepaternite.fr\/wp-content\/uploads\/2024\/10\/Imagen4.jpg 406w, https:\/\/testdepaternite.fr\/wp-content\/uploads\/2024\/10\/Imagen4-300x200.jpg 300w\" sizes=\"auto, (max-width: 406px) 100vw, 406px\" \/><\/figure><p>Antes de comenzar la toma de muestras, debemos tener preparados 2 bastoncillos de algod\u00f3n CASEROS y un sobre para cada participante en la prueba de ADN.<\/p><p><strong>2. RECOGIDA DE MUESTRAS BIOL\u00d3GICAS<\/strong><\/p><p>Tome un bastoncillo de algod\u00f3n CASERO, ins\u00e9rtelo en la boca de cada participante y frote intensamente el interior de la mejilla de arriba a abajo. Luego, con el mismo bastoncillo de algod\u00f3n, frota la parte interna de la otra mejilla un m\u00ednimo de 20 veces. <\/p><p>Dejas que el bastoncillo de algod\u00f3n se seque coloc\u00e1ndolo sobre un vaso durante aproximadamente 1\/2 hora, sin que nada toque el algod\u00f3n.<\/p><p>Se toma un segundo bastoncillo de algod\u00f3n CASERO y se repite la misma operaci\u00f3n, frotando las dos partes internas de las mejillas un m\u00ednimo de 20 veces cada una, de arriba a abajo. Tambi\u00e9n deje que el segundo hisopo de algod\u00f3n se seque en un vaso. <\/p><figure class=\"wp-block-image size-full\"><img loading=\"lazy\" decoding=\"async\" width=\"408\" height=\"273\" src=\"https:\/\/testdepaternite.fr\/wp-content\/uploads\/2024\/10\/Imagen5.jpg\" alt=\"\" class=\"wp-image-513\" srcset=\"https:\/\/testdepaternite.fr\/wp-content\/uploads\/2024\/10\/Imagen5.jpg 408w, https:\/\/testdepaternite.fr\/wp-content\/uploads\/2024\/10\/Imagen5-300x201.jpg 300w\" sizes=\"auto, (max-width: 408px) 100vw, 408px\" \/><\/figure><p><strong>\u00a1Es muy importante no mezclar las muestras entre los diferentes participantes!  <\/strong><\/p><p><strong>3. RETENCI\u00d3N DE MUESTRAS<\/strong><\/p><p>Una vez que los bastoncillos de algod\u00f3n est\u00e9n secos, debe colocar cada uno de ellos en sus sobres correspondientes. Es decir, los bastoncillos de algod\u00f3n utilizados para la extracci\u00f3n del supuesto padre biol\u00f3gico se almacenar\u00e1n en un sobre identificado por \u00abSUPUESTO PADRE\u00bb; los hisopos de algod\u00f3n utilizados para la madre se almacenar\u00e1n en el sobre identificado como \u00abMADRE\u00bb y las muestras del ni\u00f1o se almacenar\u00e1n en un sobre \u00abNI\u00d1O\u00bb. <\/p><figure class=\"wp-block-image size-full\"><img loading=\"lazy\" decoding=\"async\" width=\"394\" height=\"300\" src=\"https:\/\/testdepaternite.fr\/wp-content\/uploads\/2024\/10\/Imagen6.jpg\" alt=\"\" class=\"wp-image-514\" srcset=\"https:\/\/testdepaternite.fr\/wp-content\/uploads\/2024\/10\/Imagen6.jpg 394w, https:\/\/testdepaternite.fr\/wp-content\/uploads\/2024\/10\/Imagen6-300x228.jpg 300w\" sizes=\"auto, (max-width: 394px) 100vw, 394px\" \/><\/figure><p>Debes cerrar los sobres de forma segura. Si es necesario, puede utilizar cinta adhesiva.<br\/>De esta manera, las muestras est\u00e1n listas para ser enviadas al laboratorio. <\/p><p>NO olvide rellenar el formulario de pedido y firmarlo. La informaci\u00f3n recopilada en el formulario se utiliza para preparar el informe de an\u00e1lisis y enviarlo por correo postal. <\/p><p>Para enviar las muestras y los documentos solicitados, debe llevar un sobre m\u00e1s grande, en el que debe escribir la direcci\u00f3n del laboratorio:<\/p><p><strong>NEODIAGNOSTICA, S.L. \u2013 Testdepaternit\u00e9.fr<\/strong><\/p><p><em>Parque Cient\u00edfico y Tecnol\u00f3gico de Lleida<br\/><\/em>Edificio H3, Planta 2, Oficina 1<br\/>25003 LLEIDA (Espa\u00f1a)<\/p><p>En este sobre debes guardar los siguientes elementos:<\/p><ul><li>Formulaire de commande (rempli et sign\u00e9)<\/li><li>Les enveloppes des participants (Suppos\u00e9 P\u00e8re, M\u00e8re, Enfant, autres)<\/li><li>Le justificatif de paiement des analyses.<\/li><\/ul><p>Cuando recibamos las muestras en el laboratorio, le informaremos por correo electr\u00f3nico. A partir de este momento, puedes contar con un plazo de 3 a 5 d\u00edas para tener los resultados, que te ser\u00e1n comunicados. <\/p><h3>PATERNITE ET GROUPES SANGUINS<\/h3><p><strong>\u00bfQu\u00e9 nos permiten deducir los grupos sangu\u00edneos sobre la paternidad de un ni\u00f1o?<\/strong><\/p><p>El hecho de que unos grupos sean dominantes y otros recesivos lleva a ciertas combinaciones que son imposibles dependiendo de los padres. En presencia de dos genotipos de tipo AA y AA, es imposible, por ejemplo, que el ni\u00f1o tenga un tipo de sangre B u O. De ser as\u00ed, podr\u00edan surgir serias dudas sobre la paternidad biol\u00f3gica de este ni\u00f1o <\/p><p><strong>\u00bfLa prueba de paternidad del grupo sangu\u00edneo es 100% confiable?<\/strong><\/p><p>La gran desventaja de este m\u00e9todo es que no es completamente fiable, por dos razones:<\/p><ol><li>La premi\u00e8re est que comme en beaucoup de choses, il existe des exceptions. L\u2019une des plus notables est le ph\u00e9notype de Bombay. Concr\u00e8tement, cela peut faire qu\u2019un enfant naisse avec le groupe sanguin O, alors que ses parents sont du groupe sanguin A et\/ou B. Plus \u00e9tonnant encore : chez certaines personnes, il y a deux groupes sanguins qui cohabitent de mani\u00e8re tout \u00e0 fait normale !<\/li><li>La deuxi\u00e8me est que cette m\u00e9thode n\u2019est \u00e0 peu pr\u00e8s s\u00fbre que dans les cas d\u2019exclusion, et pas dans les cas d\u2019inclusion. Autrement dit, il est tr\u00e8s peu probable qu\u2019un enfant dont les parents connus ont des ph\u00e9notypes AA et AA, soit de groupe sanguin B. En revanche, un enfant peut tr\u00e8s bien \u00eatre du m\u00eame groupe sanguin que ceux qui l\u2019\u00e9l\u00e8vent, et pourtant \u00eatre le fils biologique d\u2019un autre.<\/li><\/ol><p>En resumen, el grupo sangu\u00edneo no puede convertirse en modo alguno en una prueba de paternidad, en el sentido de que solo corresponde. Esta es la gran ventaja de la prueba de paternidad por an\u00e1lisis de ADN: se basa en caracter\u00edsticas hereditarias que, sin embargo, son espec\u00edficas y \u00fanicas para cada individuo. Este no es el caso del tipo de sangre, que, si es hereditario, se puede encontrar en millones de otros individuos. Por esta raz\u00f3n, a menudo se ha utilizado para excluir ciertas pistas, pero muy poco para confirmar alguna.   <\/p><figure class=\"wp-block-image size-full\"><img loading=\"lazy\" decoding=\"async\" width=\"394\" height=\"300\" src=\"https:\/\/testdepaternite.fr\/wp-content\/uploads\/2024\/10\/Imagen7.jpg\" alt=\"\" class=\"wp-image-515\" srcset=\"https:\/\/testdepaternite.fr\/wp-content\/uploads\/2024\/10\/Imagen7.jpg 394w, https:\/\/testdepaternite.fr\/wp-content\/uploads\/2024\/10\/Imagen7-300x228.jpg 300w\" sizes=\"auto, (max-width: 394px) 100vw, 394px\" \/><\/figure><p>Al realizar su pedido, <strong>debe seleccionar las muestras<\/strong> que tiene. Todas las muestras no est\u00e1ndar (que no sean el hisopo bucal) tienen un recargo debido a la complejidad del proceso de prueba. <\/p><p>Si dispone de otras muestras, puede ponerse en contacto con nuestro equipo t\u00e9cnico para que le asesore llamando al 09 72 14 98 54 o enviando un correo electr\u00f3nico a <a href=\"mailto:contact@testdepaternite.fr\">contact@testdepaternite.fr<\/a><\/p><p><strong>Hisopo bucal<br\/><\/strong><\/p><ul><li>Pr\u00e9l\u00e8vement Standard<\/li><li>Frotter l&#8217;int\u00e9rieur de la joue<\/li><\/ul><p><strong>Cepillo de dientes<\/strong><\/p><ul><li>Pr\u00e9l\u00e8vement non standard<\/li><li>Conserver sans humidit\u00e9<\/li><\/ul><p><strong>Clavos<\/strong><\/p><ul><li>Pr\u00e9l\u00e8vement non standard<\/li><li>R\u00e9cup\u00e9rez un minimum de 7 \u00e0 10 ongles<\/li><\/ul><p><strong>Colilla<\/strong><\/p><ul><li>Pr\u00e9l\u00e8vement non standard<\/li><li>Conserver sans humidit\u00e9<\/li><\/ul><p><strong>Cabello<\/strong><\/p><ul><li>Pr\u00e9l\u00e8vement non standard<\/li><li>7 \u00e0 10 cheveux <u>avec racines<\/u><\/li><\/ul><p><strong>Mancha<\/strong><\/p><ul><li>Pr\u00e9l\u00e8vement non standard<\/li><li>Sur support solide et sec (par exemple sur papier).<\/li><\/ul><p><strong>Hueso<\/strong><\/p><ul><li>F\u00e9mur ou hum\u00e9rus<\/li><li>Faible fiabilit\u00e9 de l\u2019obtention d\u2019un profil g\u00e9n\u00e9tique viable<\/li><\/ul><p><strong>Otras muestras no est\u00e1ndar<\/strong><\/p><ul><li>Rasoir<\/li><li>C\u00e9rumen<\/li><li>Mouchoir<\/li><li>Sperme<\/li><\/ul>","protected":false},"excerpt":{"rendered":"<p>{post_title} Pr\u00e9levez vos \u00e9chantillons Para recoger las muestras, el proceso es muy sencillo e indoloro. Utilizando los materiales del kit, debes seguir estos pasos: Vous devrez pr\u00e9lever un coton-tige buccal avec les \u00e9couvillons que vous trouverez dans le kit. Vous devrez frotter l&#8217;int\u00e9rieur de votre joue pendant environ 20 \u00e0 30 secondes. Vous devrez r\u00e9p\u00e9ter [&hellip;]<\/p>\n","protected":false},"author":1,"featured_media":0,"parent":0,"menu_order":0,"comment_status":"closed","ping_status":"closed","template":"","meta":{"footnotes":""},"class_list":["post-622","page","type-page","status-publish","hentry"],"yoast_head":"<!-- This site is optimized with the Yoast SEO plugin v25.8 - https:\/\/yoast.com\/wordpress\/plugins\/seo\/ -->\n<title>Informaci\u00f3n - Test de Paternit\u00e9<\/title>\n<meta name=\"robots\" content=\"index, follow, max-snippet:-1, max-image-preview:large, max-video-preview:-1\" \/>\n<link rel=\"canonical\" href=\"https:\/\/testdepaternite.fr\/es\/noticia\/\" \/>\n<meta property=\"og:locale\" content=\"es_ES\" \/>\n<meta property=\"og:type\" content=\"article\" \/>\n<meta property=\"og:title\" content=\"Informaci\u00f3n - Test de Paternit\u00e9\" \/>\n<meta property=\"og:description\" content=\"{post_title} Pr\u00e9levez vos \u00e9chantillons Para recoger las muestras, el proceso es muy sencillo e indoloro. Utilizando los materiales del kit, debes seguir estos pasos: Vous devrez pr\u00e9lever un coton-tige buccal avec les \u00e9couvillons que vous trouverez dans le kit. Vous devrez frotter l&#8217;int\u00e9rieur de votre joue pendant environ 20 \u00e0 30 secondes. Vous devrez r\u00e9p\u00e9ter [&hellip;]\" \/>\n<meta property=\"og:url\" content=\"https:\/\/testdepaternite.fr\/es\/noticia\/\" \/>\n<meta property=\"og:site_name\" content=\"Test de Paternit\u00e9\" \/>\n<meta property=\"article:modified_time\" content=\"2024-10-23T09:27:41+00:00\" \/>\n<meta property=\"og:image\" content=\"https:\/\/testdepaternite.fr\/wp-content\/uploads\/2024\/10\/Imagen1.jpg\" \/>\n\t<meta property=\"og:image:width\" content=\"567\" \/>\n\t<meta property=\"og:image:height\" content=\"444\" \/>\n\t<meta property=\"og:image:type\" content=\"image\/jpeg\" \/>\n<meta name=\"twitter:card\" content=\"summary_large_image\" \/>\n<meta name=\"twitter:label1\" content=\"Tiempo de lectura\" \/>\n\t<meta name=\"twitter:data1\" content=\"7 minutos\" \/>\n<script type=\"application\/ld+json\" class=\"yoast-schema-graph\">{\"@context\":\"https:\/\/schema.org\",\"@graph\":[{\"@type\":\"WebPage\",\"@id\":\"https:\/\/testdepaternite.fr\/es\/noticia\/\",\"url\":\"https:\/\/testdepaternite.fr\/es\/noticia\/\",\"name\":\"Informaci\u00f3n - Test de Paternit\u00e9\",\"isPartOf\":{\"@id\":\"https:\/\/testdepaternite.fr\/es\/#website\"},\"primaryImageOfPage\":{\"@id\":\"https:\/\/testdepaternite.fr\/es\/noticia\/#primaryimage\"},\"image\":{\"@id\":\"https:\/\/testdepaternite.fr\/es\/noticia\/#primaryimage\"},\"thumbnailUrl\":\"https:\/\/testdepaternite.fr\/wp-content\/uploads\/2024\/10\/Imagen1.jpg\",\"datePublished\":\"2024-10-23T08:21:15+00:00\",\"dateModified\":\"2024-10-23T09:27:41+00:00\",\"breadcrumb\":{\"@id\":\"https:\/\/testdepaternite.fr\/es\/noticia\/#breadcrumb\"},\"inLanguage\":\"es\",\"potentialAction\":[{\"@type\":\"ReadAction\",\"target\":[\"https:\/\/testdepaternite.fr\/es\/noticia\/\"]}]},{\"@type\":\"ImageObject\",\"inLanguage\":\"es\",\"@id\":\"https:\/\/testdepaternite.fr\/es\/noticia\/#primaryimage\",\"url\":\"https:\/\/testdepaternite.fr\/wp-content\/uploads\/2024\/10\/Imagen1.jpg\",\"contentUrl\":\"https:\/\/testdepaternite.fr\/wp-content\/uploads\/2024\/10\/Imagen1.jpg\"},{\"@type\":\"BreadcrumbList\",\"@id\":\"https:\/\/testdepaternite.fr\/es\/noticia\/#breadcrumb\",\"itemListElement\":[{\"@type\":\"ListItem\",\"position\":1,\"name\":\"Portada\",\"item\":\"https:\/\/testdepaternite.fr\/es\/inicio\/\"},{\"@type\":\"ListItem\",\"position\":2,\"name\":\"Informaci\u00f3n\"}]},{\"@type\":\"WebSite\",\"@id\":\"https:\/\/testdepaternite.fr\/es\/#website\",\"url\":\"https:\/\/testdepaternite.fr\/es\/\",\"name\":\"Test de Paternit\u00e9\",\"description\":\"\",\"potentialAction\":[{\"@type\":\"SearchAction\",\"target\":{\"@type\":\"EntryPoint\",\"urlTemplate\":\"https:\/\/testdepaternite.fr\/es\/?s={search_term_string}\"},\"query-input\":{\"@type\":\"PropertyValueSpecification\",\"valueRequired\":true,\"valueName\":\"search_term_string\"}}],\"inLanguage\":\"es\"}]}<\/script>\n<!-- \/ Yoast SEO plugin. -->","yoast_head_json":{"title":"Informaci\u00f3n - Test de Paternit\u00e9","robots":{"index":"index","follow":"follow","max-snippet":"max-snippet:-1","max-image-preview":"max-image-preview:large","max-video-preview":"max-video-preview:-1"},"canonical":"https:\/\/testdepaternite.fr\/es\/noticia\/","og_locale":"es_ES","og_type":"article","og_title":"Informaci\u00f3n - Test de Paternit\u00e9","og_description":"{post_title} Pr\u00e9levez vos \u00e9chantillons Para recoger las muestras, el proceso es muy sencillo e indoloro. Utilizando los materiales del kit, debes seguir estos pasos: Vous devrez pr\u00e9lever un coton-tige buccal avec les \u00e9couvillons que vous trouverez dans le kit. Vous devrez frotter l&#8217;int\u00e9rieur de votre joue pendant environ 20 \u00e0 30 secondes. Vous devrez r\u00e9p\u00e9ter [&hellip;]","og_url":"https:\/\/testdepaternite.fr\/es\/noticia\/","og_site_name":"Test de Paternit\u00e9","article_modified_time":"2024-10-23T09:27:41+00:00","og_image":[{"width":567,"height":444,"url":"https:\/\/testdepaternite.fr\/wp-content\/uploads\/2024\/10\/Imagen1.jpg","type":"image\/jpeg"}],"twitter_card":"summary_large_image","twitter_misc":{"Tiempo de lectura":"7 minutos"},"schema":{"@context":"https:\/\/schema.org","@graph":[{"@type":"WebPage","@id":"https:\/\/testdepaternite.fr\/es\/noticia\/","url":"https:\/\/testdepaternite.fr\/es\/noticia\/","name":"Informaci\u00f3n - Test de Paternit\u00e9","isPartOf":{"@id":"https:\/\/testdepaternite.fr\/es\/#website"},"primaryImageOfPage":{"@id":"https:\/\/testdepaternite.fr\/es\/noticia\/#primaryimage"},"image":{"@id":"https:\/\/testdepaternite.fr\/es\/noticia\/#primaryimage"},"thumbnailUrl":"https:\/\/testdepaternite.fr\/wp-content\/uploads\/2024\/10\/Imagen1.jpg","datePublished":"2024-10-23T08:21:15+00:00","dateModified":"2024-10-23T09:27:41+00:00","breadcrumb":{"@id":"https:\/\/testdepaternite.fr\/es\/noticia\/#breadcrumb"},"inLanguage":"es","potentialAction":[{"@type":"ReadAction","target":["https:\/\/testdepaternite.fr\/es\/noticia\/"]}]},{"@type":"ImageObject","inLanguage":"es","@id":"https:\/\/testdepaternite.fr\/es\/noticia\/#primaryimage","url":"https:\/\/testdepaternite.fr\/wp-content\/uploads\/2024\/10\/Imagen1.jpg","contentUrl":"https:\/\/testdepaternite.fr\/wp-content\/uploads\/2024\/10\/Imagen1.jpg"},{"@type":"BreadcrumbList","@id":"https:\/\/testdepaternite.fr\/es\/noticia\/#breadcrumb","itemListElement":[{"@type":"ListItem","position":1,"name":"Portada","item":"https:\/\/testdepaternite.fr\/es\/inicio\/"},{"@type":"ListItem","position":2,"name":"Informaci\u00f3n"}]},{"@type":"WebSite","@id":"https:\/\/testdepaternite.fr\/es\/#website","url":"https:\/\/testdepaternite.fr\/es\/","name":"Test de Paternit\u00e9","description":"","potentialAction":[{"@type":"SearchAction","target":{"@type":"EntryPoint","urlTemplate":"https:\/\/testdepaternite.fr\/es\/?s={search_term_string}"},"query-input":{"@type":"PropertyValueSpecification","valueRequired":true,"valueName":"search_term_string"}}],"inLanguage":"es"}]}},"_links":{"self":[{"href":"https:\/\/testdepaternite.fr\/es\/wp-json\/wp\/v2\/pages\/622","targetHints":{"allow":["GET"]}}],"collection":[{"href":"https:\/\/testdepaternite.fr\/es\/wp-json\/wp\/v2\/pages"}],"about":[{"href":"https:\/\/testdepaternite.fr\/es\/wp-json\/wp\/v2\/types\/page"}],"author":[{"embeddable":true,"href":"https:\/\/testdepaternite.fr\/es\/wp-json\/wp\/v2\/users\/1"}],"replies":[{"embeddable":true,"href":"https:\/\/testdepaternite.fr\/es\/wp-json\/wp\/v2\/comments?post=622"}],"version-history":[{"count":4,"href":"https:\/\/testdepaternite.fr\/es\/wp-json\/wp\/v2\/pages\/622\/revisions"}],"predecessor-version":[{"id":629,"href":"https:\/\/testdepaternite.fr\/es\/wp-json\/wp\/v2\/pages\/622\/revisions\/629"}],"wp:attachment":[{"href":"https:\/\/testdepaternite.fr\/es\/wp-json\/wp\/v2\/media?parent=622"}],"curies":[{"name":"wp","href":"https:\/\/api.w.org\/{rel}","templated":true}]}}