{"id":614,"date":"2024-05-19T08:12:43","date_gmt":"2024-05-19T08:12:43","guid":{"rendered":"https:\/\/testdepaternite.fr\/inicio\/"},"modified":"2024-10-23T09:14:14","modified_gmt":"2024-10-23T09:14:14","slug":"inicio","status":"publish","type":"page","link":"https:\/\/testdepaternite.fr\/es\/","title":{"rendered":"Inicio"},"content":{"rendered":"<h1 class=\"wp-block-heading\">El laboratorio especializado en identificaci\u00f3n gen\u00e9tica<\/h1><p>En momentos delicados en los que la certeza es esencial, nuestras pruebas de paternidad te dan resultados fiables con un 99,999% de precisi\u00f3n. Sabemos lo importante que es para ti obtener respuestas r\u00e1pidas y precisas. Es por eso que garantizamos resultados en solo 3 d\u00edas h\u00e1biles. Desde la comodidad de su hogar y con total confidencialidad, puede acceder a este servicio sin estr\u00e9s ni complicaciones.   <\/p><div class=\"wp-block-buttons is-layout-flex wp-block-buttons-is-layout-flex\"><div class=\"wp-block-button\"><a class=\"wp-block-button__link\">Nuestras pruebas<\/a><\/div><\/div><figure class=\"wp-block-image size-full\"><img loading=\"lazy\" decoding=\"async\" width=\"287\" height=\"485\" src=\"https:\/\/testdepaternite.fr\/wp-content\/uploads\/2024\/10\/home-1.jpg\" alt=\"\" class=\"wp-image-359\" srcset=\"https:\/\/testdepaternite.fr\/wp-content\/uploads\/2024\/10\/home-1.jpg 287w, https:\/\/testdepaternite.fr\/wp-content\/uploads\/2024\/10\/home-1-178x300.jpg 178w\" sizes=\"auto, (max-width: 287px) 100vw, 287px\" \/><\/figure><figure class=\"wp-block-image size-full\"><img loading=\"lazy\" decoding=\"async\" width=\"287\" height=\"485\" src=\"https:\/\/testdepaternite.fr\/wp-content\/uploads\/2024\/10\/home-2.jpg\" alt=\"\" class=\"wp-image-361\" srcset=\"https:\/\/testdepaternite.fr\/wp-content\/uploads\/2024\/10\/home-2.jpg 287w, https:\/\/testdepaternite.fr\/wp-content\/uploads\/2024\/10\/home-2-178x300.jpg 178w\" sizes=\"auto, (max-width: 287px) 100vw, 287px\" \/><\/figure><figure class=\"wp-block-image size-full\"><img decoding=\"async\" src=\"https:\/\/testdepaternite.fr\/wp-content\/uploads\/2024\/05\/adn-Image-blue.png\" alt=\"\" class=\"wp-image-116\" width=\"180\"\/><\/figure><figure class=\"wp-block-image size-full\"><img decoding=\"async\" src=\"https:\/\/testdepaternite.fr\/wp-content\/uploads\/2024\/05\/icono-blue-01.png\" alt=\"\" class=\"wp-image-119\" width=\"80\"\/><\/figure><h3 class=\"has-text-align-center wp-block-heading\">Prueba de fraternidad<\/h3><figure class=\"wp-block-image size-full\"><img decoding=\"async\" src=\"https:\/\/testdepaternite.fr\/wp-content\/uploads\/2024\/05\/icono-blue-04.png\" alt=\"\" class=\"wp-image-120\" width=\"80\"\/><\/figure><h3 class=\"has-text-align-center wp-block-heading\">Otras pruebas<\/h3><figure class=\"wp-block-image size-full\"><img decoding=\"async\" src=\"https:\/\/testdepaternite.fr\/wp-content\/uploads\/2024\/05\/icono-blue-03.png\" alt=\"\" class=\"wp-image-121\" width=\"80\"\/><\/figure><h3 class=\"has-text-align-center wp-block-heading\">Prueba de paternidad<\/h3><figure class=\"wp-block-image size-full\"><img decoding=\"async\" src=\"https:\/\/testdepaternite.fr\/wp-content\/uploads\/2024\/05\/icono-blue-02.png\" alt=\"\" class=\"wp-image-118\" width=\"80\"\/><\/figure><h3 class=\"has-text-align-center wp-block-heading\">Prueba de paternidad prenatal<\/h3><figure class=\"wp-block-image size-full\"><img loading=\"lazy\" decoding=\"async\" width=\"574\" height=\"485\" src=\"https:\/\/testdepaternite.fr\/wp-content\/uploads\/2024\/10\/home-3.jpg\" alt=\"\" class=\"wp-image-362\" srcset=\"https:\/\/testdepaternite.fr\/wp-content\/uploads\/2024\/10\/home-3.jpg 574w, https:\/\/testdepaternite.fr\/wp-content\/uploads\/2024\/10\/home-3-300x253.jpg 300w\" sizes=\"auto, (max-width: 574px) 100vw, 574px\" \/><\/figure><h2 class=\"wp-block-heading\">Su prueba de paternidad mundial<\/h2><p>Nuestro laboratorio ahora le permite saber finalmente con certeza qui\u00e9n es el padre de su hijo antes o despu\u00e9s del nacimiento gracias a nuestra prueba de paternidad. En 24-48 horas laborables* tras recibir su kit de muestreo, tendr\u00e1 la respuesta que desea con hasta un 99,999% de certeza. <\/p><p>Tambi\u00e9n realizamos pruebas de paternidad prenatal (a partir de la 8\u00aa semana de embarazo). Nuestros laboratorios est\u00e1n acreditados y jurados por el gobierno espa\u00f1ol. Nuestro kit de recolecci\u00f3n de pruebas de ADN y el env\u00edo son gratuitos (excepto para \u00c1frica y Asia). Ponemos a su disposici\u00f3n asistencia telef\u00f3nica gratuita de lunes a viernes de 9 a 17 horas en su idioma en el 09 72 14 98 54 (llamada sin recargo).   <\/p><p>*Opci\u00f3n con suplemento de emergencia<\/p><figure class=\"wp-block-image size-full\"><img decoding=\"async\" src=\"https:\/\/testdepaternite.fr\/wp-content\/uploads\/2024\/05\/Circle.png\" alt=\"\" class=\"wp-image-24\" width=\"300\" srcset=\"https:\/\/testdepaternite.fr\/wp-content\/uploads\/2024\/05\/Circle.png 326w, https:\/\/testdepaternite.fr\/wp-content\/uploads\/2024\/05\/Circle-300x300.png 300w, https:\/\/testdepaternite.fr\/wp-content\/uploads\/2024\/05\/Circle-100x100.png 100w, https:\/\/testdepaternite.fr\/wp-content\/uploads\/2024\/05\/Circle-150x150.png 150w\" sizes=\"(max-width: 326px) 100vw, 326px\" \/><\/figure><figure class=\"wp-block-image size-full\"><img decoding=\"async\" src=\"https:\/\/testdepaternite.fr\/wp-content\/uploads\/2024\/05\/adn-Image-blue.png\" alt=\"\" class=\"wp-image-116\" width=\"180\"\/><\/figure><h2 class=\"wp-block-heading\">Noticia<\/h2><p>\u00bfTienes alguna duda? Puedes contactarnos a trav\u00e9s de <a href=\"https:\/\/wa.me\/346152712863?text=Bonjour!%20Vull%20m%C3%A9s%20information%C3%B3%20about%20...\" target=\"_blank\" rel=\"noopener\">Whatsapp<\/a> o llamando al <a href=\"tel:0972149854\" target=\"_blank\" rel=\"noopener\">09 72 149 854<\/a> <\/p><h2 class=\"wp-block-heading\">Pruebas disponibles<\/h2><p><!-- wp:Array \/--><\/p>\n<figure class=\"wp-block-image size-full\"><img decoding=\"async\" src=\"https:\/\/testdepaternite.fr\/wp-content\/uploads\/2024\/05\/quotes-02.png\" alt=\"\" class=\"wp-image-25\" width=\"25\"\/><\/figure><figure class=\"wp-block-image size-full\"><img decoding=\"async\" src=\"https:\/\/testdepaternite.fr\/wp-content\/uploads\/2024\/05\/quotes01.png\" alt=\"\" class=\"wp-image-26\" width=\"25\"\/><\/figure><figure class=\"wp-block-image size-thumbnail\"><img decoding=\"async\" src=\"https:\/\/testdepaternite.fr\/wp-content\/uploads\/2024\/05\/avatar-2-150x150.jpg\" alt=\"\" class=\"wp-image-27\" width=\"60\" srcset=\"https:\/\/testdepaternite.fr\/wp-content\/uploads\/2024\/05\/avatar-2-150x150.jpg 150w, https:\/\/testdepaternite.fr\/wp-content\/uploads\/2024\/05\/avatar-2-100x100.jpg 100w, https:\/\/testdepaternite.fr\/wp-content\/uploads\/2024\/05\/avatar-2.jpg 250w\" sizes=\"(max-width: 150px) 100vw, 150px\" \/><\/figure><figure class=\"wp-block-image size-thumbnail\"><img decoding=\"async\" src=\"https:\/\/testdepaternite.fr\/wp-content\/uploads\/2024\/05\/avatar-1-150x150.jpg\" alt=\"\" class=\"wp-image-28\" width=\"50\" srcset=\"https:\/\/testdepaternite.fr\/wp-content\/uploads\/2024\/05\/avatar-1-150x150.jpg 150w, https:\/\/testdepaternite.fr\/wp-content\/uploads\/2024\/05\/avatar-1-100x100.jpg 100w, https:\/\/testdepaternite.fr\/wp-content\/uploads\/2024\/05\/avatar-1.jpg 250w\" sizes=\"(max-width: 150px) 100vw, 150px\" \/><\/figure><figure class=\"wp-block-image size-thumbnail\"><img decoding=\"async\" src=\"https:\/\/testdepaternite.fr\/wp-content\/uploads\/2024\/05\/avatar-3-150x150.jpg\" alt=\"\" class=\"wp-image-29\" width=\"80\" srcset=\"https:\/\/testdepaternite.fr\/wp-content\/uploads\/2024\/05\/avatar-3-150x150.jpg 150w, https:\/\/testdepaternite.fr\/wp-content\/uploads\/2024\/05\/avatar-3-100x100.jpg 100w, https:\/\/testdepaternite.fr\/wp-content\/uploads\/2024\/05\/avatar-3.jpg 250w\" sizes=\"(max-width: 150px) 100vw, 150px\" \/><\/figure><figure class=\"wp-block-image size-thumbnail\"><img decoding=\"async\" src=\"https:\/\/testdepaternite.fr\/wp-content\/uploads\/2024\/05\/avatar-6-150x150.jpg\" alt=\"\" class=\"wp-image-30\" width=\"100\" srcset=\"https:\/\/testdepaternite.fr\/wp-content\/uploads\/2024\/05\/avatar-6-150x150.jpg 150w, https:\/\/testdepaternite.fr\/wp-content\/uploads\/2024\/05\/avatar-6-100x100.jpg 100w, https:\/\/testdepaternite.fr\/wp-content\/uploads\/2024\/05\/avatar-6.jpg 250w\" sizes=\"(max-width: 150px) 100vw, 150px\" \/><\/figure><figure class=\"wp-block-image size-thumbnail\"><img decoding=\"async\" src=\"https:\/\/testdepaternite.fr\/wp-content\/uploads\/2024\/05\/avatar-5-150x150.jpg\" alt=\"\" class=\"wp-image-31\" width=\"80\" srcset=\"https:\/\/testdepaternite.fr\/wp-content\/uploads\/2024\/05\/avatar-5-150x150.jpg 150w, https:\/\/testdepaternite.fr\/wp-content\/uploads\/2024\/05\/avatar-5-100x100.jpg 100w, https:\/\/testdepaternite.fr\/wp-content\/uploads\/2024\/05\/avatar-5.jpg 250w\" sizes=\"(max-width: 150px) 100vw, 150px\" \/><\/figure><figure class=\"wp-block-image size-full\"><img decoding=\"async\" src=\"https:\/\/testdepaternite.fr\/wp-content\/uploads\/2024\/05\/avatar-4.jpg\" alt=\"\" class=\"wp-image-32\" width=\"60\" srcset=\"https:\/\/testdepaternite.fr\/wp-content\/uploads\/2024\/05\/avatar-4.jpg 250w, https:\/\/testdepaternite.fr\/wp-content\/uploads\/2024\/05\/avatar-4-100x100.jpg 100w, https:\/\/testdepaternite.fr\/wp-content\/uploads\/2024\/05\/avatar-4-150x150.jpg 150w\" sizes=\"(max-width: 250px) 100vw, 250px\" \/><\/figure><h2 class=\"wp-block-heading\">Preguntas<\/h2><p>Navega por nuestra colecci\u00f3n de preguntas frecuentes<\/p><div class=\"wp-block-buttons is-layout-flex wp-block-buttons-is-layout-flex\"><div class=\"wp-block-button\"><a class=\"wp-block-button__link\">Sus preguntas<\/a><\/div><\/div><figure class=\"wp-block-image size-full\"><img loading=\"lazy\" decoding=\"async\" width=\"800\" height=\"934\" src=\"https:\/\/testdepaternite.fr\/wp-content\/uploads\/2024\/10\/contact-home.png\" alt=\"\" class=\"wp-image-363\" srcset=\"https:\/\/testdepaternite.fr\/wp-content\/uploads\/2024\/10\/contact-home.png 800w, https:\/\/testdepaternite.fr\/wp-content\/uploads\/2024\/10\/contact-home-600x701.png 600w, https:\/\/testdepaternite.fr\/wp-content\/uploads\/2024\/10\/contact-home-257x300.png 257w, https:\/\/testdepaternite.fr\/wp-content\/uploads\/2024\/10\/contact-home-768x897.png 768w\" sizes=\"auto, (max-width: 800px) 100vw, 800px\" \/><\/figure><p>Puedes contactarnos v\u00eda <a href=\"https:\/\/wa.me\/346152712863?text=Bonjour!%20Vull%20m%C3%A9s%20information%C3%B3%20about%20...\" target=\"_blank\" rel=\"noopener\">Whatsapp<\/a> o llamando al <a href=\"tel:0972517843\" target=\"_blank\" rel=\"noopener\">09 72 517 843<\/a><\/p><div class=\"wp-block-buttons is-layout-flex wp-block-buttons-is-layout-flex\"><div class=\"wp-block-button\"><a class=\"wp-block-button__link\">Cont\u00e1ctenos<\/a><\/div><\/div><h2 class=\"wp-block-heading\">\u00bfTienes alguna duda?<\/h2><h3 class=\"wp-block-heading\">{post_title}<\/h3><h3 class=\"wp-block-heading\">{woo_product_price}<\/h3><div class=\"wp-block-buttons is-layout-flex wp-block-buttons-is-layout-flex\"><div class=\"wp-block-button\"><a class=\"wp-block-button__link\">Ver detalles<\/a><\/div><\/div><figure class=\"wp-block-image size-full\"><img loading=\"lazy\" decoding=\"async\" width=\"320\" height=\"149\" src=\"https:\/\/testdepaternite.fr\/wp-content\/uploads\/2024\/05\/trustpilot.png\" alt=\"\" class=\"wp-image-92\" srcset=\"https:\/\/testdepaternite.fr\/wp-content\/uploads\/2024\/05\/trustpilot.png 320w, https:\/\/testdepaternite.fr\/wp-content\/uploads\/2024\/05\/trustpilot-300x140.png 300w\" sizes=\"auto, (max-width: 320px) 100vw, 320px\" \/><\/figure>","protected":false},"excerpt":{"rendered":"<p>El laboratorio especializado en identificaci\u00f3n gen\u00e9tica En momentos delicados en los que la certeza es esencial, nuestras pruebas de paternidad te dan resultados fiables con un 99,999% de precisi\u00f3n. Sabemos lo importante que es para ti obtener respuestas r\u00e1pidas y precisas. Es por eso que garantizamos resultados en solo 3 d\u00edas h\u00e1biles. Desde la comodidad [&hellip;]<\/p>\n","protected":false},"author":1,"featured_media":0,"parent":0,"menu_order":0,"comment_status":"closed","ping_status":"closed","template":"","meta":{"footnotes":""},"class_list":["post-614","page","type-page","status-publish","hentry"],"yoast_head":"<!-- This site is optimized with the Yoast SEO plugin v25.8 - https:\/\/yoast.com\/wordpress\/plugins\/seo\/ -->\n<title>Inicio - Test de Paternit\u00e9<\/title>\n<meta name=\"robots\" content=\"index, follow, max-snippet:-1, max-image-preview:large, max-video-preview:-1\" \/>\n<link rel=\"canonical\" href=\"https:\/\/testdepaternite.fr\/es\/\" \/>\n<meta property=\"og:locale\" content=\"es_ES\" \/>\n<meta property=\"og:type\" content=\"article\" \/>\n<meta property=\"og:title\" content=\"Inicio - Test de Paternit\u00e9\" \/>\n<meta property=\"og:description\" content=\"El laboratorio especializado en identificaci\u00f3n gen\u00e9tica En momentos delicados en los que la certeza es esencial, nuestras pruebas de paternidad te dan resultados fiables con un 99,999% de precisi\u00f3n. Sabemos lo importante que es para ti obtener respuestas r\u00e1pidas y precisas. Es por eso que garantizamos resultados en solo 3 d\u00edas h\u00e1biles. Desde la comodidad [&hellip;]\" \/>\n<meta property=\"og:url\" content=\"https:\/\/testdepaternite.fr\/es\/\" \/>\n<meta property=\"og:site_name\" content=\"Test de Paternit\u00e9\" \/>\n<meta property=\"article:modified_time\" content=\"2024-10-23T09:14:14+00:00\" \/>\n<meta property=\"og:image\" content=\"https:\/\/testdepaternite.fr\/wp-content\/uploads\/2024\/10\/home-1.jpg\" \/>\n\t<meta property=\"og:image:width\" content=\"287\" \/>\n\t<meta property=\"og:image:height\" content=\"485\" \/>\n\t<meta property=\"og:image:type\" content=\"image\/jpeg\" \/>\n<meta name=\"twitter:card\" content=\"summary_large_image\" \/>\n<meta name=\"twitter:label1\" content=\"Tiempo de lectura\" \/>\n\t<meta name=\"twitter:data1\" content=\"1 minuto\" \/>\n<script type=\"application\/ld+json\" class=\"yoast-schema-graph\">{\"@context\":\"https:\/\/schema.org\",\"@graph\":[{\"@type\":\"WebPage\",\"@id\":\"https:\/\/testdepaternite.fr\/es\/\",\"url\":\"https:\/\/testdepaternite.fr\/es\/\",\"name\":\"Inicio - Test de Paternit\u00e9\",\"isPartOf\":{\"@id\":\"https:\/\/testdepaternite.fr\/es\/#website\"},\"primaryImageOfPage\":{\"@id\":\"https:\/\/testdepaternite.fr\/es\/#primaryimage\"},\"image\":{\"@id\":\"https:\/\/testdepaternite.fr\/es\/#primaryimage\"},\"thumbnailUrl\":\"https:\/\/testdepaternite.fr\/wp-content\/uploads\/2024\/10\/home-1.jpg\",\"datePublished\":\"2024-05-19T08:12:43+00:00\",\"dateModified\":\"2024-10-23T09:14:14+00:00\",\"breadcrumb\":{\"@id\":\"https:\/\/testdepaternite.fr\/es\/#breadcrumb\"},\"inLanguage\":\"es\",\"potentialAction\":[{\"@type\":\"ReadAction\",\"target\":[\"https:\/\/testdepaternite.fr\/es\/\"]}]},{\"@type\":\"ImageObject\",\"inLanguage\":\"es\",\"@id\":\"https:\/\/testdepaternite.fr\/es\/#primaryimage\",\"url\":\"https:\/\/testdepaternite.fr\/wp-content\/uploads\/2024\/10\/home-1.jpg\",\"contentUrl\":\"https:\/\/testdepaternite.fr\/wp-content\/uploads\/2024\/10\/home-1.jpg\"},{\"@type\":\"BreadcrumbList\",\"@id\":\"https:\/\/testdepaternite.fr\/es\/#breadcrumb\",\"itemListElement\":[{\"@type\":\"ListItem\",\"position\":1,\"name\":\"Portada\",\"item\":\"https:\/\/testdepaternite.fr\/es\/inicio\/\"},{\"@type\":\"ListItem\",\"position\":2,\"name\":\"Inicio\"}]},{\"@type\":\"WebSite\",\"@id\":\"https:\/\/testdepaternite.fr\/es\/#website\",\"url\":\"https:\/\/testdepaternite.fr\/es\/\",\"name\":\"Test de Paternit\u00e9\",\"description\":\"\",\"potentialAction\":[{\"@type\":\"SearchAction\",\"target\":{\"@type\":\"EntryPoint\",\"urlTemplate\":\"https:\/\/testdepaternite.fr\/es\/?s={search_term_string}\"},\"query-input\":{\"@type\":\"PropertyValueSpecification\",\"valueRequired\":true,\"valueName\":\"search_term_string\"}}],\"inLanguage\":\"es\"}]}<\/script>\n<!-- \/ Yoast SEO plugin. -->","yoast_head_json":{"title":"Inicio - Test de Paternit\u00e9","robots":{"index":"index","follow":"follow","max-snippet":"max-snippet:-1","max-image-preview":"max-image-preview:large","max-video-preview":"max-video-preview:-1"},"canonical":"https:\/\/testdepaternite.fr\/es\/","og_locale":"es_ES","og_type":"article","og_title":"Inicio - Test de Paternit\u00e9","og_description":"El laboratorio especializado en identificaci\u00f3n gen\u00e9tica En momentos delicados en los que la certeza es esencial, nuestras pruebas de paternidad te dan resultados fiables con un 99,999% de precisi\u00f3n. Sabemos lo importante que es para ti obtener respuestas r\u00e1pidas y precisas. Es por eso que garantizamos resultados en solo 3 d\u00edas h\u00e1biles. Desde la comodidad [&hellip;]","og_url":"https:\/\/testdepaternite.fr\/es\/","og_site_name":"Test de Paternit\u00e9","article_modified_time":"2024-10-23T09:14:14+00:00","og_image":[{"width":287,"height":485,"url":"https:\/\/testdepaternite.fr\/wp-content\/uploads\/2024\/10\/home-1.jpg","type":"image\/jpeg"}],"twitter_card":"summary_large_image","twitter_misc":{"Tiempo de lectura":"1 minuto"},"schema":{"@context":"https:\/\/schema.org","@graph":[{"@type":"WebPage","@id":"https:\/\/testdepaternite.fr\/es\/","url":"https:\/\/testdepaternite.fr\/es\/","name":"Inicio - Test de Paternit\u00e9","isPartOf":{"@id":"https:\/\/testdepaternite.fr\/es\/#website"},"primaryImageOfPage":{"@id":"https:\/\/testdepaternite.fr\/es\/#primaryimage"},"image":{"@id":"https:\/\/testdepaternite.fr\/es\/#primaryimage"},"thumbnailUrl":"https:\/\/testdepaternite.fr\/wp-content\/uploads\/2024\/10\/home-1.jpg","datePublished":"2024-05-19T08:12:43+00:00","dateModified":"2024-10-23T09:14:14+00:00","breadcrumb":{"@id":"https:\/\/testdepaternite.fr\/es\/#breadcrumb"},"inLanguage":"es","potentialAction":[{"@type":"ReadAction","target":["https:\/\/testdepaternite.fr\/es\/"]}]},{"@type":"ImageObject","inLanguage":"es","@id":"https:\/\/testdepaternite.fr\/es\/#primaryimage","url":"https:\/\/testdepaternite.fr\/wp-content\/uploads\/2024\/10\/home-1.jpg","contentUrl":"https:\/\/testdepaternite.fr\/wp-content\/uploads\/2024\/10\/home-1.jpg"},{"@type":"BreadcrumbList","@id":"https:\/\/testdepaternite.fr\/es\/#breadcrumb","itemListElement":[{"@type":"ListItem","position":1,"name":"Portada","item":"https:\/\/testdepaternite.fr\/es\/inicio\/"},{"@type":"ListItem","position":2,"name":"Inicio"}]},{"@type":"WebSite","@id":"https:\/\/testdepaternite.fr\/es\/#website","url":"https:\/\/testdepaternite.fr\/es\/","name":"Test de Paternit\u00e9","description":"","potentialAction":[{"@type":"SearchAction","target":{"@type":"EntryPoint","urlTemplate":"https:\/\/testdepaternite.fr\/es\/?s={search_term_string}"},"query-input":{"@type":"PropertyValueSpecification","valueRequired":true,"valueName":"search_term_string"}}],"inLanguage":"es"}]}},"_links":{"self":[{"href":"https:\/\/testdepaternite.fr\/es\/wp-json\/wp\/v2\/pages\/614","targetHints":{"allow":["GET"]}}],"collection":[{"href":"https:\/\/testdepaternite.fr\/es\/wp-json\/wp\/v2\/pages"}],"about":[{"href":"https:\/\/testdepaternite.fr\/es\/wp-json\/wp\/v2\/types\/page"}],"author":[{"embeddable":true,"href":"https:\/\/testdepaternite.fr\/es\/wp-json\/wp\/v2\/users\/1"}],"replies":[{"embeddable":true,"href":"https:\/\/testdepaternite.fr\/es\/wp-json\/wp\/v2\/comments?post=614"}],"version-history":[{"count":2,"href":"https:\/\/testdepaternite.fr\/es\/wp-json\/wp\/v2\/pages\/614\/revisions"}],"predecessor-version":[{"id":616,"href":"https:\/\/testdepaternite.fr\/es\/wp-json\/wp\/v2\/pages\/614\/revisions\/616"}],"wp:attachment":[{"href":"https:\/\/testdepaternite.fr\/es\/wp-json\/wp\/v2\/media?parent=614"}],"curies":[{"name":"wp","href":"https:\/\/api.w.org\/{rel}","templated":true}]}}